{"id":15237,"date":"2025-05-28T11:29:45","date_gmt":"2025-05-28T11:29:45","guid":{"rendered":"https:\/\/www.lunashotels.com\/mentions-legales\/"},"modified":"2025-05-28T11:37:48","modified_gmt":"2025-05-28T11:37:48","slug":"mentions-legales","status":"publish","type":"page","link":"https:\/\/www.lunashotels.com\/fr\/mentions-legales\/","title":{"rendered":"Mentions L\u00e9gales"},"content":{"rendered":"\t\t<div data-elementor-type=\"wp-page\" data-elementor-id=\"15237\" class=\"elementor elementor-15237 elementor-15224\">\n\t\t\t\t\t\t<section class=\"elementor-section elementor-top-section elementor-element elementor-element-7da2050 elementor-section-content-middle elementor-section-boxed elementor-section-height-default elementor-section-height-default\" data-id=\"7da2050\" data-element_type=\"section\">\r\n\t\t\t\t\t\t<div class=\"elementor-container elementor-column-gap-default jws_section_\" >\r\n\t\t\t\t<div class=\"elementor-column elementor-col-100 elementor-top-column elementor-element elementor-element-1b7c305\" data-id=\"1b7c305\" data-element_type=\"column\">\n\t\t\t<div class=\"elementor-widget-wrap elementor-element-populated\">\n\t\t\t\t\t\t<div class=\"elementor-element elementor-element-3fbf488 elementor-invisible elementor-widget elementor-widget-heading\" data-id=\"3fbf488\" data-element_type=\"widget\" data-settings=\"{&quot;_animation&quot;:&quot;fadeInUp&quot;}\" data-widget_type=\"heading.default\">\n\t\t\t\t<div class=\"elementor-widget-container\">\n\t\t\t\t\t<h2 class=\"elementor-heading-title elementor-size-default\">Mentions L\u00e9gales<\/h2>\t\t\t\t<\/div>\n\t\t\t\t<\/div>\n\t\t\t\t<div class=\"elementor-element elementor-element-a7bac7f elementor-invisible elementor-widget elementor-widget-text-editor\" data-id=\"a7bac7f\" data-element_type=\"widget\" data-settings=\"{&quot;_animation&quot;:&quot;fadeInUp&quot;}\" data-widget_type=\"text-editor.default\">\n\t\t\t\t<div class=\"elementor-widget-container\">\n\t\t\t\t\t\t\t\t\t<p><b>Bondiahotels Hotels Group informe sur leur politique de confidentialit\u00e9 et \/ ou mentions l\u00e9gales, qui sera consid\u00e9r\u00e9e comme accept\u00e9e lors de la connexion et de la navigation sur notre site web.<\/b><br><br>Nous garantissons que toute transmission de vos donn\u00e9es personnelles se fera avec des plate-formes et technologies conformes aux normes de s\u00e9curit\u00e9.<br><br>Conform\u00e9ment \u00e0 la loi organique 15\/1999 sur la protection des donn\u00e9es personnelles (d\u00e9nomm\u00e9e LOPD, ses initiales en espagnol), Bondiahotels Hotel Group garantit la confidentialit\u00e9 dans le traitement de vos donn\u00e9es personnelles. Vous pouvez \u00e0 tout moment modifier ou annuler ces donn\u00e9es \u00e0 travers une p\u00e9tition \u00e9crite adress\u00e9e au groupe Bondiahotels Hotels (D\u00e9partement de Syst\u00e8me): C \/ Animas 22 &#8211; 08370 Calella (Barcelone). <br><br>Bondiahotels Hotels Group, soci\u00e9t\u00e9 espagnole dont le si\u00e8ge social est enregistr\u00e9 au C \/ Animas 22 &#8211; 08370 Calella (Barcelone) &#8211; ESPAGNE; propri\u00e9taire du site web: \u00ab\u00a0www.bondiahotels.com\u00a0\u00bb se r\u00e9serve donc les droits de propri\u00e9t\u00e9 intellectuelle et tout type d&rsquo;\u00e9l\u00e9ment qu&rsquo;il contient. Des exceptions ne peuvent \u00eatre faites qu&rsquo;avec le consentement pr\u00e9alable, expr\u00e8s et avec la permission \u00e9crite du Webmaster du Bondiahotels Hotels Group. <br><br>Bondiahotels Hotels group est \u00e9galement exon\u00e9r\u00e9 de toute responsabilit\u00e9 pour tout pr\u00e9judice ou dommage que l&rsquo;utilisateur pourrait subir \u00e0 la suite d&rsquo;erreurs, de d\u00e9fauts ou d&rsquo;omissions dans les informations fournies par Bondiahotels Hotels Group, toujours d\u00e9riv\u00e9es de sources externes, de liens ou de liens pointant vers notre page.<\/p>\t\t\t\t\t\t\t\t<\/div>\n\t\t\t\t<\/div>\n\t\t\t\t\t<\/div>\n\t\t<\/div>\n\t\t\t\t      \r\n            \r\n              \r\n            \r\n            \t\r\n\t\t\t<\/div>\r\n\t\t<\/section>\r\n\t\t\t\t<\/div>\n\t\t","protected":false},"excerpt":{"rendered":"<p>Mentions L\u00e9gales Bondiahotels Hotels Group informe sur leur politique de confidentialit\u00e9 et \/ ou mentions l\u00e9gales, qui sera consid\u00e9r\u00e9e comme accept\u00e9e lors de la connexion et de la navigation sur notre site web. Nous garantissons que toute transmission de vos donn\u00e9es personnelles se fera avec des plate-formes et technologies conformes aux normes de s\u00e9curit\u00e9. Conform\u00e9ment [&hellip;]<\/p>\n","protected":false},"author":1,"featured_media":0,"parent":0,"menu_order":0,"comment_status":"closed","ping_status":"closed","template":"","meta":{"_acf_changed":false,"footnotes":""},"class_list":["post-15237","page","type-page","status-publish","hentry"],"acf":[],"_links":{"self":[{"href":"https:\/\/www.lunashotels.com\/fr\/wp-json\/wp\/v2\/pages\/15237","targetHints":{"allow":["GET"]}}],"collection":[{"href":"https:\/\/www.lunashotels.com\/fr\/wp-json\/wp\/v2\/pages"}],"about":[{"href":"https:\/\/www.lunashotels.com\/fr\/wp-json\/wp\/v2\/types\/page"}],"author":[{"embeddable":true,"href":"https:\/\/www.lunashotels.com\/fr\/wp-json\/wp\/v2\/users\/1"}],"replies":[{"embeddable":true,"href":"https:\/\/www.lunashotels.com\/fr\/wp-json\/wp\/v2\/comments?post=15237"}],"version-history":[{"count":1,"href":"https:\/\/www.lunashotels.com\/fr\/wp-json\/wp\/v2\/pages\/15237\/revisions"}],"predecessor-version":[{"id":15238,"href":"https:\/\/www.lunashotels.com\/fr\/wp-json\/wp\/v2\/pages\/15237\/revisions\/15238"}],"wp:attachment":[{"href":"https:\/\/www.lunashotels.com\/fr\/wp-json\/wp\/v2\/media?parent=15237"}],"curies":[{"name":"wp","href":"https:\/\/api.w.org\/{rel}","templated":true}]}}