{"id":13966,"date":"2025-03-20T02:49:59","date_gmt":"2025-03-20T02:49:59","guid":{"rendered":"https:\/\/www.lunashotels.com\/a-propos-de-nous\/"},"modified":"2025-05-19T11:54:29","modified_gmt":"2025-05-19T11:54:29","slug":"a-propos-de-nous","status":"publish","type":"page","link":"https:\/\/www.lunashotels.com\/fr\/a-propos-de-nous\/","title":{"rendered":"\u00c0 propos de nous"},"content":{"rendered":"\t\t<div data-elementor-type=\"wp-page\" data-elementor-id=\"13966\" class=\"elementor elementor-13966 elementor-5692\">\n\t\t\t\t\t\t<section class=\"elementor-section elementor-top-section elementor-element elementor-element-77a430d elementor-section-boxed elementor-section-height-default elementor-section-height-default\" data-id=\"77a430d\" data-element_type=\"section\" data-settings=\"{&quot;background_background&quot;:&quot;classic&quot;}\">\r\n\t\t\t\t\t\t\t<div class=\"elementor-background-overlay\"><\/div>\r\n\t\t\t\t\t\t<div class=\"elementor-container elementor-column-gap-default jws_section_\" >\r\n\t\t\t\t<div class=\"elementor-column elementor-col-100 elementor-top-column elementor-element elementor-element-895ccdc\" data-id=\"895ccdc\" data-element_type=\"column\">\n\t\t\t<div class=\"elementor-widget-wrap elementor-element-populated\">\n\t\t\t\t\t\t<div class=\"elementor-element elementor-element-593ee34 elementor-widget elementor-widget-heading\" data-id=\"593ee34\" data-element_type=\"widget\" data-widget_type=\"heading.default\">\n\t\t\t\t<div class=\"elementor-widget-container\">\n\t\t\t\t\t<h1 class=\"elementor-heading-title elementor-size-default\">\u00c0 propos de nous<\/h1>\t\t\t\t<\/div>\n\t\t\t\t<\/div>\n\t\t\t\t\t<\/div>\n\t\t<\/div>\n\t\t\t\t      \r\n            \r\n              \r\n            \r\n            \t\r\n\t\t\t<\/div>\r\n\t\t<\/section>\r\n\t\t\t\t<section class=\"elementor-section elementor-top-section elementor-element elementor-element-3debf70 elementor-section-boxed elementor-section-height-default elementor-section-height-default\" data-id=\"3debf70\" data-element_type=\"section\">\r\n\t\t\t\t\t\t<div class=\"elementor-container elementor-column-gap-default jws_section_\" >\r\n\t\t\t\t<div class=\"elementor-column elementor-col-100 elementor-top-column elementor-element elementor-element-0bca084\" data-id=\"0bca084\" data-element_type=\"column\">\n\t\t\t<div class=\"elementor-widget-wrap elementor-element-populated\">\n\t\t\t\t\t\t<div class=\"elementor-element elementor-element-32cdda1 elementor-widget elementor-widget-heading\" data-id=\"32cdda1\" data-element_type=\"widget\" data-widget_type=\"heading.default\">\n\t\t\t\t<div class=\"elementor-widget-container\">\n\t\t\t\t\t<h2 class=\"elementor-heading-title elementor-size-default\">L\u00e0 o\u00f9 le temps s\u2019arr\u00eate<br>et o\u00f9 le voyage commence vraiment<\/h2>\t\t\t\t<\/div>\n\t\t\t\t<\/div>\n\t\t\t\t<div class=\"elementor-element elementor-element-44e9348 elementor-widget__width-initial elementor-widget elementor-widget-text-editor\" data-id=\"44e9348\" data-element_type=\"widget\" data-widget_type=\"text-editor.default\">\n\t\t\t\t<div class=\"elementor-widget-container\">\n\t\t\t\t\t\t\t\t\t<p><span style=\"font-weight: 400;\">Au Lunas Resort, nous croyons que voyager ne signifie pas simplement se d\u00e9placer, mais rester. Regarder avec calme, savourer sans h\u00e2te, \u00e9couter ce que chaque lieu a \u00e0 raconter. C\u2019est pourquoi, plus qu\u2019un resort, nous sommes un espace o\u00f9 le slow travel se vit inten s\u00e9ment. Une mani\u00e8re diff\u00e9rente d\u2019\u00eatre, de ressentir, de se reconnecter \u00e0 soi-m\u00eame et \u00e0 la nature.   <\/span><\/p>\t\t\t\t\t\t\t\t<\/div>\n\t\t\t\t<\/div>\n\t\t\t\t\t<\/div>\n\t\t<\/div>\n\t\t\t\t      \r\n            \r\n              \r\n            \r\n            \t\r\n\t\t\t<\/div>\r\n\t\t<\/section>\r\n\t\t\t\t<section class=\"elementor-section elementor-top-section elementor-element elementor-element-3681e8a elementor-section-content-bottom elementor-section-boxed elementor-section-height-default elementor-section-height-default\" data-id=\"3681e8a\" data-element_type=\"section\">\r\n\t\t\t\t\t\t<div class=\"elementor-container elementor-column-gap-default jws_section_\" >\r\n\t\t\t\t<div class=\"elementor-column elementor-col-50 elementor-top-column elementor-element elementor-element-9cb3f5b\" data-id=\"9cb3f5b\" data-element_type=\"column\">\n\t\t\t<div class=\"elementor-widget-wrap elementor-element-populated\">\n\t\t\t\t\t\t<section class=\"elementor-section elementor-inner-section elementor-element elementor-element-99f5bfa elementor-section-boxed elementor-section-height-default elementor-section-height-default\" data-id=\"99f5bfa\" data-element_type=\"section\" data-settings=\"{&quot;background_background&quot;:&quot;classic&quot;}\">\r\n\t\t\t\t\t\t<div class=\"elementor-container elementor-column-gap-default jws_section_\" >\r\n\t\t\t\t<div class=\"elementor-column elementor-col-100 elementor-inner-column elementor-element elementor-element-10d6768\" data-id=\"10d6768\" data-element_type=\"column\">\n\t\t\t<div class=\"elementor-widget-wrap elementor-element-populated\">\n\t\t\t\t\t\t<div class=\"elementor-element elementor-element-4fa737c elementor-invisible elementor-widget elementor-widget-image\" data-id=\"4fa737c\" data-element_type=\"widget\" data-settings=\"{&quot;_animation&quot;:&quot;zoomIn&quot;}\" data-widget_type=\"image.default\">\n\t\t\t\t<div class=\"elementor-widget-container\">\n\t\t\t\t\t\t\t\t\t\t\t\t\t\t\t<img fetchpriority=\"high\" decoding=\"async\" width=\"943\" height=\"700\" src=\"https:\/\/www.lunashotels.com\/wp-content\/uploads\/2025\/04\/malgrat-01-1.png\" class=\"attachment-full size-full wp-image-12115\" alt=\"\" srcset=\"https:\/\/www.lunashotels.com\/wp-content\/uploads\/2025\/04\/malgrat-01-1.png 943w, https:\/\/www.lunashotels.com\/wp-content\/uploads\/2025\/04\/malgrat-01-1-300x223.png 300w, https:\/\/www.lunashotels.com\/wp-content\/uploads\/2025\/04\/malgrat-01-1-920x683.png 920w, https:\/\/www.lunashotels.com\/wp-content\/uploads\/2025\/04\/malgrat-01-1-768x570.png 768w, https:\/\/www.lunashotels.com\/wp-content\/uploads\/2025\/04\/malgrat-01-1-600x445.png 600w\" sizes=\"(max-width: 943px) 100vw, 943px\" \/>\t\t\t\t\t\t\t\t\t\t\t\t\t\t\t<\/div>\n\t\t\t\t<\/div>\n\t\t\t\t\t<\/div>\n\t\t<\/div>\n\t\t\t\t      \r\n            \r\n              \r\n            \r\n            \t\r\n\t\t\t<\/div>\r\n\t\t<\/section>\r\n\t\t\t\t\t<\/div>\n\t\t<\/div>\n\t\t\t\t<div class=\"elementor-column elementor-col-50 elementor-top-column elementor-element elementor-element-5a326d6\" data-id=\"5a326d6\" data-element_type=\"column\">\n\t\t\t<div class=\"elementor-widget-wrap elementor-element-populated\">\n\t\t\t\t\t\t<div class=\"elementor-element elementor-element-06320c0 elementor-widget__width-initial elementor-widget elementor-widget-heading\" data-id=\"06320c0\" data-element_type=\"widget\" data-widget_type=\"heading.default\">\n\t\t\t\t<div class=\"elementor-widget-container\">\n\t\t\t\t\t<h2 class=\"elementor-heading-title elementor-size-default\">O\u00f9 nous sommes<\/h2>\t\t\t\t<\/div>\n\t\t\t\t<\/div>\n\t\t\t\t<div class=\"elementor-element elementor-element-b2f2698 elementor-widget elementor-widget-text-editor\" data-id=\"b2f2698\" data-element_type=\"widget\" data-widget_type=\"text-editor.default\">\n\t\t\t\t<div class=\"elementor-widget-container\">\n\t\t\t\t\t\t\t\t\t<p><span style=\"font-weight: 400;\">Situ\u00e9 \u00e0 Malgrat de Mar, entre mer et montagne, notre complexe regroupe le Luna Club Hotel &amp; Spa 4* et le Luna Park Hotel &amp; Spa 3*. Il a \u00e9t\u00e9 con\u00e7u sp\u00e9cialement pour ceux qui recher chent plus que le soleil et la plage. Ici, nous vous invitons \u00e0 vous reposer sans culpabilit\u00e9, \u00e0 <br>choisir le rythme de vos journ\u00e9es et \u00e0 vous \u00e9merveiller \u00e0 nouveau des petites choses : une promenade parmi les pins, un cours de yoga \u00e0 l\u2019aube, une conversation sans montre&#8230; <\/span><\/p>\t\t\t\t\t\t\t\t<\/div>\n\t\t\t\t<\/div>\n\t\t\t\t\t<\/div>\n\t\t<\/div>\n\t\t\t\t      \r\n            \r\n              \r\n            \r\n            \t\r\n\t\t\t<\/div>\r\n\t\t<\/section>\r\n\t\t\t\t<section class=\"elementor-section elementor-top-section elementor-element elementor-element-7ef8af3 elementor-section-boxed elementor-section-height-default elementor-section-height-default\" data-id=\"7ef8af3\" data-element_type=\"section\" data-settings=\"{&quot;background_background&quot;:&quot;classic&quot;}\">\r\n\t\t\t\t\t\t<div class=\"elementor-container elementor-column-gap-default jws_section_\" >\r\n\t\t\t\t<div class=\"elementor-column elementor-col-100 elementor-top-column elementor-element elementor-element-23c63e1\" data-id=\"23c63e1\" data-element_type=\"column\">\n\t\t\t<div class=\"elementor-widget-wrap elementor-element-populated\">\n\t\t\t\t\t\t<div class=\"elementor-element elementor-element-7f539b9 elementor-widget elementor-widget-heading\" data-id=\"7f539b9\" data-element_type=\"widget\" data-widget_type=\"heading.default\">\n\t\t\t\t<div class=\"elementor-widget-container\">\n\t\t\t\t\t<h2 class=\"elementor-heading-title elementor-size-default\">Qui nous sommes<\/h2>\t\t\t\t<\/div>\n\t\t\t\t<\/div>\n\t\t\t\t<div class=\"elementor-element elementor-element-02eb7d7 elementor-widget__width-initial elementor-widget elementor-widget-text-editor\" data-id=\"02eb7d7\" data-element_type=\"widget\" data-widget_type=\"text-editor.default\">\n\t\t\t\t<div class=\"elementor-widget-container\">\n\t\t\t\t\t\t\t\t\t<p><span style=\"font-weight: 400;\">Nous faisons partie de Bondia Hotels, une entreprise familiale \u00e0 l\u2019\u00e2me m\u00e9diterran\u00e9enne, forte de plus de 60 ans d\u2019exp\u00e9rience dans l\u2019hospitalit\u00e9. Notre engagement envers la durabilit\u00e9, le bien-\u00eatre et l\u2019authenticit\u00e9 se refl\u00e8te dans chaque recoin du Lunas Resort, o\u00f9 chaque d\u00e9tail est pens\u00e9 pour rendre votre s\u00e9jour aussi sinc\u00e8re que confortable. <\/span><\/p><p>Notre vision du voyage est centr\u00e9e sur les personnes, le respect de la culture locale et la valo risation de l\u2019essentiel. C\u2019est pourquoi notre \u00e9quipe humaine est le c\u0153ur de tout ce que nous faisons : des professionnels passionn\u00e9s et attentifs, qui comprennent que chaque h\u00f4te est unique et que chaque s\u00e9jour est une histoire \u00e0 part.  <\/p>\t\t\t\t\t\t\t\t<\/div>\n\t\t\t\t<\/div>\n\t\t\t\t<div class=\"elementor-element elementor-element-a08684b elementor-widget elementor-widget-spacer\" data-id=\"a08684b\" data-element_type=\"widget\" data-widget_type=\"spacer.default\">\n\t\t\t\t<div class=\"elementor-widget-container\">\n\t\t\t\t\t\t\t<div class=\"elementor-spacer\">\n\t\t\t<div class=\"elementor-spacer-inner\"><\/div>\n\t\t<\/div>\n\t\t\t\t\t\t<\/div>\n\t\t\t\t<\/div>\n\t\t\t\t<div class=\"elementor-element elementor-element-88853ed elementor-widget__width-initial elementor-widget elementor-widget-spacer\" data-id=\"88853ed\" data-element_type=\"widget\" data-widget_type=\"spacer.default\">\n\t\t\t\t<div class=\"elementor-widget-container\">\n\t\t\t\t\t\t\t<div class=\"elementor-spacer\">\n\t\t\t<div class=\"elementor-spacer-inner\"><\/div>\n\t\t<\/div>\n\t\t\t\t\t\t<\/div>\n\t\t\t\t<\/div>\n\t\t\t\t\t<\/div>\n\t\t<\/div>\n\t\t\t\t      \r\n            \r\n              \r\n            \r\n            \t\r\n\t\t\t<\/div>\r\n\t\t<\/section>\r\n\t\t\t\t<section class=\"elementor-section elementor-top-section elementor-element elementor-element-df71558 elementor-section-boxed elementor-section-height-default elementor-section-height-default\" data-id=\"df71558\" data-element_type=\"section\">\r\n\t\t\t\t\t\t<div class=\"elementor-container elementor-column-gap-default jws_section_\" >\r\n\t\t\t\t<div class=\"elementor-column elementor-col-100 elementor-top-column elementor-element elementor-element-b52c6bd\" data-id=\"b52c6bd\" data-element_type=\"column\">\n\t\t\t<div class=\"elementor-widget-wrap elementor-element-populated\">\n\t\t\t\t\t\t<div class=\"elementor-element elementor-element-06c04a5 elementor-widget__width-initial elementor-widget elementor-widget-heading\" data-id=\"06c04a5\" data-element_type=\"widget\" data-widget_type=\"heading.default\">\n\t\t\t\t<div class=\"elementor-widget-container\">\n\t\t\t\t\t<h2 class=\"elementor-heading-title elementor-size-default\">Lunas Resort, une destination \u00e0 votre rythme<\/h2>\t\t\t\t<\/div>\n\t\t\t\t<\/div>\n\t\t\t\t<section class=\"elementor-section elementor-inner-section elementor-element elementor-element-42fe349 elementor-section-boxed elementor-section-height-default elementor-section-height-default\" data-id=\"42fe349\" data-element_type=\"section\">\r\n\t\t\t\t\t\t<div class=\"elementor-container elementor-column-gap-default jws_section_\" >\r\n\t\t\t\t<div class=\"elementor-column elementor-col-33 elementor-inner-column elementor-element elementor-element-b779ed6\" data-id=\"b779ed6\" data-element_type=\"column\">\n\t\t\t<div class=\"elementor-widget-wrap elementor-element-populated\">\n\t\t\t\t\t\t<div class=\"elementor-element elementor-element-a7bd168 elementor-invisible elementor-widget elementor-widget-image\" data-id=\"a7bd168\" data-element_type=\"widget\" data-settings=\"{&quot;_animation&quot;:&quot;fadeInUp&quot;}\" data-widget_type=\"image.default\">\n\t\t\t\t<div class=\"elementor-widget-container\">\n\t\t\t\t\t\t\t\t\t\t\t\t\t\t\t<img decoding=\"async\" src=\"https:\/\/www.lunashotels.com\/wp-content\/uploads\/elementor\/thumbs\/full-shot-woman-looking-boats-r6ddria69n21bknclxln1wz8t4j6r8l96zjvdzut7c.png\" title=\"full-shot-woman-looking-boats\" alt=\"full-shot-woman-looking-boats\" loading=\"lazy\" \/>\t\t\t\t\t\t\t\t\t\t\t\t\t\t\t<\/div>\n\t\t\t\t<\/div>\n\t\t\t\t\t<\/div>\n\t\t<\/div>\n\t\t\t\t<div class=\"elementor-column elementor-col-33 elementor-inner-column elementor-element elementor-element-766012b\" data-id=\"766012b\" data-element_type=\"column\">\n\t\t\t<div class=\"elementor-widget-wrap elementor-element-populated\">\n\t\t\t\t\t\t<div class=\"elementor-element elementor-element-1a2dfd9 elementor-invisible elementor-widget elementor-widget-image\" data-id=\"1a2dfd9\" data-element_type=\"widget\" data-settings=\"{&quot;_animation&quot;:&quot;fadeInUp&quot;,&quot;_animation_delay&quot;:100}\" data-widget_type=\"image.default\">\n\t\t\t\t<div class=\"elementor-widget-container\">\n\t\t\t\t\t\t\t\t\t\t\t\t\t\t\t<img decoding=\"async\" src=\"https:\/\/www.lunashotels.com\/wp-content\/uploads\/elementor\/thumbs\/high-angle-view-blue-lagoon-surrounded-by-trees-ibiza-r6ddria69n21bknclxln1wz8t4j6r8l96zjvdzut7c.png\" title=\"high-angle-view-blue-lagoon-surrounded-by-trees-ibiza\" alt=\"high-angle-view-blue-lagoon-surrounded-by-trees-ibiza\" loading=\"lazy\" \/>\t\t\t\t\t\t\t\t\t\t\t\t\t\t\t<\/div>\n\t\t\t\t<\/div>\n\t\t\t\t\t<\/div>\n\t\t<\/div>\n\t\t\t\t<div class=\"elementor-column elementor-col-33 elementor-inner-column elementor-element elementor-element-bf2ea78\" data-id=\"bf2ea78\" data-element_type=\"column\">\n\t\t\t<div class=\"elementor-widget-wrap elementor-element-populated\">\n\t\t\t\t\t\t<div class=\"elementor-element elementor-element-0e73bad elementor-invisible elementor-widget elementor-widget-image\" data-id=\"0e73bad\" data-element_type=\"widget\" data-settings=\"{&quot;_animation&quot;:&quot;fadeInUp&quot;,&quot;_animation_delay&quot;:200}\" data-widget_type=\"image.default\">\n\t\t\t\t<div class=\"elementor-widget-container\">\n\t\t\t\t\t\t\t\t\t\t\t\t\t\t\t<img decoding=\"async\" src=\"https:\/\/www.lunashotels.com\/wp-content\/uploads\/elementor\/thumbs\/inside-grotto-cliff-r6ddrhcc2t0qzyoprf70hf7s7qntjjhiuuwdwpw7dk.png\" title=\"inside-grotto-cliff\" alt=\"inside-grotto-cliff\" loading=\"lazy\" \/>\t\t\t\t\t\t\t\t\t\t\t\t\t\t\t<\/div>\n\t\t\t\t<\/div>\n\t\t\t\t\t<\/div>\n\t\t<\/div>\n\t\t\t\t      \r\n            \r\n              \r\n            \r\n            \t\r\n\t\t\t<\/div>\r\n\t\t<\/section>\r\n\t\t\t\t\t<\/div>\n\t\t<\/div>\n\t\t\t\t      \r\n            \r\n              \r\n            \r\n            \t\r\n\t\t\t<\/div>\r\n\t\t<\/section>\r\n\t\t\t\t<\/div>\n\t\t","protected":false},"excerpt":{"rendered":"<p>\u00c0 propos de nous L\u00e0 o\u00f9 le temps s\u2019arr\u00eateet o\u00f9 le voyage commence vraiment Au Lunas Resort, nous croyons que voyager ne signifie pas simplement se d\u00e9placer, mais rester. Regarder avec calme, savourer sans h\u00e2te, \u00e9couter ce que chaque lieu a \u00e0 raconter. C\u2019est pourquoi, plus qu\u2019un resort, nous sommes un espace o\u00f9 le slow [&hellip;]<\/p>\n","protected":false},"author":1,"featured_media":0,"parent":0,"menu_order":0,"comment_status":"closed","ping_status":"closed","template":"","meta":{"_acf_changed":false,"footnotes":""},"class_list":["post-13966","page","type-page","status-publish","hentry"],"acf":[],"_links":{"self":[{"href":"https:\/\/www.lunashotels.com\/fr\/wp-json\/wp\/v2\/pages\/13966","targetHints":{"allow":["GET"]}}],"collection":[{"href":"https:\/\/www.lunashotels.com\/fr\/wp-json\/wp\/v2\/pages"}],"about":[{"href":"https:\/\/www.lunashotels.com\/fr\/wp-json\/wp\/v2\/types\/page"}],"author":[{"embeddable":true,"href":"https:\/\/www.lunashotels.com\/fr\/wp-json\/wp\/v2\/users\/1"}],"replies":[{"embeddable":true,"href":"https:\/\/www.lunashotels.com\/fr\/wp-json\/wp\/v2\/comments?post=13966"}],"version-history":[{"count":2,"href":"https:\/\/www.lunashotels.com\/fr\/wp-json\/wp\/v2\/pages\/13966\/revisions"}],"predecessor-version":[{"id":14156,"href":"https:\/\/www.lunashotels.com\/fr\/wp-json\/wp\/v2\/pages\/13966\/revisions\/14156"}],"wp:attachment":[{"href":"https:\/\/www.lunashotels.com\/fr\/wp-json\/wp\/v2\/media?parent=13966"}],"curies":[{"name":"wp","href":"https:\/\/api.w.org\/{rel}","templated":true}]}}