{"id":13960,"date":"2025-03-20T09:02:45","date_gmt":"2025-03-20T09:02:45","guid":{"rendered":"https:\/\/www.lunashotels.com\/offres-et-packs\/"},"modified":"2025-05-22T09:47:12","modified_gmt":"2025-05-22T09:47:12","slug":"offres-et-packs","status":"publish","type":"page","link":"https:\/\/www.lunashotels.com\/fr\/offres-et-packs\/","title":{"rendered":"Offres et packs"},"content":{"rendered":"\t\t<div data-elementor-type=\"wp-page\" data-elementor-id=\"13960\" class=\"elementor elementor-13960 elementor-6210\">\n\t\t\t\t\t\t<section class=\"elementor-section elementor-top-section elementor-element elementor-element-a9469eb elementor-section-boxed elementor-section-height-default elementor-section-height-default\" data-id=\"a9469eb\" data-element_type=\"section\" data-settings=\"{&quot;background_background&quot;:&quot;classic&quot;}\">\r\n\t\t\t\t\t\t\t<div class=\"elementor-background-overlay\"><\/div>\r\n\t\t\t\t\t\t<div class=\"elementor-container elementor-column-gap-default jws_section_\" >\r\n\t\t\t\t<div class=\"elementor-column elementor-col-100 elementor-top-column elementor-element elementor-element-c474be5\" data-id=\"c474be5\" data-element_type=\"column\">\n\t\t\t<div class=\"elementor-widget-wrap elementor-element-populated\">\n\t\t\t\t\t\t<div class=\"elementor-element elementor-element-86043fd elementor-invisible elementor-widget elementor-widget-heading\" data-id=\"86043fd\" data-element_type=\"widget\" data-settings=\"{&quot;_animation&quot;:&quot;fadeInUp&quot;,&quot;_animation_delay&quot;:100}\" data-widget_type=\"heading.default\">\n\t\t\t\t<div class=\"elementor-widget-container\">\n\t\t\t\t\t<h2 class=\"elementor-heading-title elementor-size-default\">Offres et packs<\/h2>\t\t\t\t<\/div>\n\t\t\t\t<\/div>\n\t\t\t\t\t<\/div>\n\t\t<\/div>\n\t\t\t\t      \r\n            \r\n              \r\n            \r\n            \t\r\n\t\t\t<\/div>\r\n\t\t<\/section>\r\n\t\t\t\t<section class=\"elementor-section elementor-top-section elementor-element elementor-element-c2cb45e elementor-section-boxed elementor-section-height-default elementor-section-height-default\" data-id=\"c2cb45e\" data-element_type=\"section\">\r\n\t\t\t\t\t\t<div class=\"elementor-container elementor-column-gap-default jws_section_\" >\r\n\t\t\t\t<div class=\"elementor-column elementor-col-100 elementor-top-column elementor-element elementor-element-fa2e29d\" data-id=\"fa2e29d\" data-element_type=\"column\">\n\t\t\t<div class=\"elementor-widget-wrap elementor-element-populated\">\n\t\t\t\t\t\t<div class=\"elementor-element elementor-element-8a39fbd elementor-widget elementor-widget-heading\" data-id=\"8a39fbd\" data-element_type=\"widget\" data-widget_type=\"heading.default\">\n\t\t\t\t<div class=\"elementor-widget-container\">\n\t\t\t\t\t<div class=\"elementor-heading-title elementor-size-default\">MOMENTS UNIQUES<\/div>\t\t\t\t<\/div>\n\t\t\t\t<\/div>\n\t\t\t\t<div class=\"elementor-element elementor-element-487b04e elementor-widget__width-initial elementor-widget elementor-widget-heading\" data-id=\"487b04e\" data-element_type=\"widget\" data-widget_type=\"heading.default\">\n\t\t\t\t<div class=\"elementor-widget-container\">\n\t\t\t\t\t<h2 class=\"elementor-heading-title elementor-size-default\">Profitez de vacances sp\u00e9ciales avec nos offres incroyables.<\/h2>\t\t\t\t<\/div>\n\t\t\t\t<\/div>\n\t\t\t\t<div class=\"elementor-element elementor-element-a85db83 elementor-widget elementor-widget-jws_promotions_advanced\" data-id=\"a85db83\" data-element_type=\"widget\" data-widget_type=\"jws_promotions_advanced.default\">\n\t\t\t\t<div class=\"elementor-widget-container\">\n\t\t\t\t\t \r\n\t\t\r\n\t\t<div class=\"jws-promotions-advanced-element\">\r\n            \r\n             \r\n            \r\n             \r\n            <div class=\"row promotions-advanced-content layout1 promotions-advanced-ajax-a85db83\"  >\r\n                <div class=\"jws-post-item col-xl-6 col-lg-6 col-6\"><div class=\"post-inner\">\r\n    <div class=\"post-media\">\r\n        <a href=\"https:\/\/www.lunashotels.com\/fr\/promotions\/pack-bien-etre\/\">\r\n            <img class='attachment-513x352 size-513x352' alt='' src=https:\/\/www.lunashotels.com\/wp-content\/uploads\/2023\/07\/pack-bienestar-513x352.png >        <\/a>\r\n    <\/div>\r\n    <div class=\"post-content\">\r\n        <div class=\"post-cat\">\r\n            <a href=\"https:\/\/www.lunashotels.com\/fr\/promotions_cat\/packs\/\" rel=\"tag\">Packs<\/a>        <\/div>\r\n        <h3 class=\"post-title\">\r\n           <a href=\"https:\/\/www.lunashotels.com\/fr\/promotions\/pack-bien-etre\/\">\r\n                 Pack Bien-\u00catre           <\/a> \r\n        <\/h3>\r\n        <div class=\"post-description\">\r\n             Profitez d'un s\u00e9jour con\u00e7u pour les soins personnels et la d\u00e9tente totale.        <\/div>\r\n        <a class=\"post-detail\" href=\"https:\/\/www.lunashotels.com\/fr\/promotions\/pack-bien-etre\/\">\r\n            Voir plus            <i class=\"jws-icon-arrow-right\"><\/i>\r\n       <\/a>\r\n    <\/div>\r\n    \r\n<\/div>    <\/div><div class=\"jws-post-item col-xl-6 col-lg-6 col-6\"><div class=\"post-inner\">\r\n    <div class=\"post-media\">\r\n        <a href=\"https:\/\/www.lunashotels.com\/fr\/promotions\/pack-romantique\/\">\r\n            <img class='attachment-513x352 size-513x352' alt='' src=https:\/\/www.lunashotels.com\/wp-content\/uploads\/2023\/07\/pack-romantico-513x352.png >        <\/a>\r\n    <\/div>\r\n    <div class=\"post-content\">\r\n        <div class=\"post-cat\">\r\n            <a href=\"https:\/\/www.lunashotels.com\/fr\/promotions_cat\/ofertas\/\" rel=\"tag\">Ofertas<\/a>        <\/div>\r\n        <h3 class=\"post-title\">\r\n           <a href=\"https:\/\/www.lunashotels.com\/fr\/promotions\/pack-romantique\/\">\r\n                 Pack Romantique           <\/a> \r\n        <\/h3>\r\n        <div class=\"post-description\">\r\n             Une escapade \u00e0 deux\u2026 o\u00f9 chaque d\u00e9tail compte.        <\/div>\r\n        <a class=\"post-detail\" href=\"https:\/\/www.lunashotels.com\/fr\/promotions\/pack-romantique\/\">\r\n            Voir plus            <i class=\"jws-icon-arrow-right\"><\/i>\r\n       <\/a>\r\n    <\/div>\r\n    \r\n<\/div>    <\/div>            <\/div>\r\n                                <\/div>\r\n\r\n\t\t\t\t\t<\/div>\n\t\t\t\t<\/div>\n\t\t\t\t\t<\/div>\n\t\t<\/div>\n\t\t\t\t      \r\n            \r\n              \r\n            \r\n            \t\r\n\t\t\t<\/div>\r\n\t\t<\/section>\r\n\t\t\t\t<section class=\"elementor-section elementor-top-section elementor-element elementor-element-ca4082d elementor-section-boxed elementor-section-height-default elementor-section-height-default\" data-id=\"ca4082d\" data-element_type=\"section\" data-settings=\"{&quot;background_background&quot;:&quot;classic&quot;}\">\r\n\t\t\t\t\t\t\t<div class=\"elementor-background-overlay\"><\/div>\r\n\t\t\t\t\t\t<div class=\"elementor-container elementor-column-gap-default jws_section_\" >\r\n\t\t\t\t<div class=\"elementor-column elementor-col-50 elementor-top-column elementor-element elementor-element-6a5f705\" data-id=\"6a5f705\" data-element_type=\"column\">\n\t\t\t<div class=\"elementor-widget-wrap elementor-element-populated\">\n\t\t\t\t\t\t<div class=\"elementor-element elementor-element-c238718 elementor-widget__width-initial elementor-widget elementor-widget-heading\" data-id=\"c238718\" data-element_type=\"widget\" data-widget_type=\"heading.default\">\n\t\t\t\t<div class=\"elementor-widget-container\">\n\t\t\t\t\t<h2 class=\"elementor-heading-title elementor-size-default\">Chuchotez votre calme, recevez notre inspiration<\/h2>\t\t\t\t<\/div>\n\t\t\t\t<\/div>\n\t\t\t\t<div class=\"elementor-element elementor-element-32dc39d elementor-widget elementor-widget-spacer\" data-id=\"32dc39d\" data-element_type=\"widget\" data-widget_type=\"spacer.default\">\n\t\t\t\t<div class=\"elementor-widget-container\">\n\t\t\t\t\t\t\t<div class=\"elementor-spacer\">\n\t\t\t<div class=\"elementor-spacer-inner\"><\/div>\n\t\t<\/div>\n\t\t\t\t\t\t<\/div>\n\t\t\t\t<\/div>\n\t\t\t\t<div class=\"elementor-element elementor-element-7dfe7af elementor-widget__width-initial elementor-widget elementor-widget-text-editor\" data-id=\"7dfe7af\" data-element_type=\"widget\" data-widget_type=\"text-editor.default\">\n\t\t\t\t<div class=\"elementor-widget-container\">\n\t\t\t\t\t\t\t\t\t<p><span style=\"font-weight: 400;\">Abonnez-vous \u00e0 notre Newsletter et laissez-vous envelopper par des histoires de s\u00e9r\u00e9nit\u00e9, des offres exclusives et des conseils pour vous reconnecter avec vous-m\u00eame, directement du c\u0153ur du Lunas Resort jusqu&rsquo;\u00e0 votre coin de paix<\/span><\/p>\t\t\t\t\t\t\t\t<\/div>\n\t\t\t\t<\/div>\n\t\t\t\t<div class=\"elementor-element elementor-element-2bd5b90 elementor-widget__width-initial jws-cf7-style-box jws-cf7-input-size-sm jws-cf7-button-left jws-cf7-btn-size-sm jws-cf7-highlight-style-default elementor-invisible elementor-widget elementor-widget-jws_cf7\" data-id=\"2bd5b90\" data-element_type=\"widget\" data-settings=\"{&quot;_animation&quot;:&quot;fadeInUp&quot;}\" data-widget_type=\"jws_cf7.default\">\n\t\t\t\t<div class=\"elementor-widget-container\">\n\t\t\t\t\t\t\t\t\t<div class = \"jws-cf7-container\">\r\n\t\t\t\t\t\t<div class = \"jws-cf7 jws-cf7-style elementor-clickable\">\r\n\t\t\t\t\t\t<p class=\"wpcf7-contact-form-not-found\"><strong>Erreur\u00a0:<\/strong> Formulaire de contact non trouv\u00e9\u00a0!<\/p>\t\t\t\t\t<\/div>\r\n\t\t\t\t<\/div>\r\n\t\t\t\t\t\t\t\t<\/div>\n\t\t\t\t<\/div>\n\t\t\t\t\t<\/div>\n\t\t<\/div>\n\t\t\t\t<div class=\"elementor-column elementor-col-50 elementor-top-column elementor-element elementor-element-3294e57\" data-id=\"3294e57\" data-element_type=\"column\">\n\t\t\t<div class=\"elementor-widget-wrap\">\n\t\t\t\t\t\t\t<\/div>\n\t\t<\/div>\n\t\t\t\t      \r\n            \r\n              \r\n            \r\n            \t\r\n\t\t\t<\/div>\r\n\t\t<\/section>\r\n\t\t\t\t<section class=\"elementor-section elementor-top-section elementor-element elementor-element-391e910 elementor-section-boxed elementor-section-height-default elementor-section-height-default\" data-id=\"391e910\" data-element_type=\"section\">\r\n\t\t\t\t\t\t<div class=\"elementor-container elementor-column-gap-default jws_section_\" >\r\n\t\t\t\t<div class=\"elementor-column elementor-col-100 elementor-top-column elementor-element elementor-element-3d5da82\" data-id=\"3d5da82\" data-element_type=\"column\">\n\t\t\t<div class=\"elementor-widget-wrap elementor-element-populated\">\n\t\t\t\t\t\t<div class=\"elementor-element elementor-element-a9feff5 elementor-widget elementor-widget-heading\" data-id=\"a9feff5\" data-element_type=\"widget\" data-widget_type=\"heading.default\">\n\t\t\t\t<div class=\"elementor-widget-container\">\n\t\t\t\t\t<div class=\"elementor-heading-title elementor-size-default\">Des doutes ?<\/div>\t\t\t\t<\/div>\n\t\t\t\t<\/div>\n\t\t\t\t<div class=\"elementor-element elementor-element-689c95f elementor-widget elementor-widget-heading\" data-id=\"689c95f\" data-element_type=\"widget\" data-widget_type=\"heading.default\">\n\t\t\t\t<div class=\"elementor-widget-container\">\n\t\t\t\t\t<h2 class=\"elementor-heading-title elementor-size-default\">Contactez-nous pour plus de d\u00e9tails<\/h2>\t\t\t\t<\/div>\n\t\t\t\t<\/div>\n\t\t\t\t<div class=\"elementor-element elementor-element-cdd2161 elementor-widget elementor-widget-text-editor\" data-id=\"cdd2161\" data-element_type=\"widget\" data-widget_type=\"text-editor.default\">\n\t\t\t\t<div class=\"elementor-widget-container\">\n\t\t\t\t\t\t\t\t\t<p>Aucune commande n\u2019est trop grande et aucun d\u00e9tail n\u2019est trop petit. Nous sommes \u00e9galement l\u00e0 pour vous aider avant le d\u00e9but de votre voyage au Lunas Resort. <\/p>\t\t\t\t\t\t\t\t<\/div>\n\t\t\t\t<\/div>\n\t\t\t\t<div class=\"elementor-element elementor-element-aca7da1 jws-cf7-check-yes jws-cf7-button-center jws-cf7-style-box jws-cf7-input-size-sm jws-cf7-btn-size-sm jws-cf7-highlight-style-default elementor-invisible elementor-widget elementor-widget-jws_cf7\" data-id=\"aca7da1\" data-element_type=\"widget\" data-settings=\"{&quot;_animation&quot;:&quot;fadeInUp&quot;}\" data-widget_type=\"jws_cf7.default\">\n\t\t\t\t<div class=\"elementor-widget-container\">\n\t\t\t\t\t\t\t\t\t<div class = \"jws-cf7-container\">\r\n\t\t\t\t\t\t<div class = \"jws-cf7 jws-cf7-style elementor-clickable\">\r\n\t\t\t\t\t\t\n<div class=\"wpcf7 no-js\" id=\"wpcf7-f14856-o1\" lang=\"fr-FR\" dir=\"ltr\" data-wpcf7-id=\"14856\">\n<div class=\"screen-reader-response\"><p role=\"status\" aria-live=\"polite\" aria-atomic=\"true\"><\/p> <ul><\/ul><\/div>\n<form action=\"\/fr\/wp-json\/wp\/v2\/pages\/13960#wpcf7-f14856-o1\" method=\"post\" class=\"wpcf7-form init\" aria-label=\"Formulaire de contact\" novalidate=\"novalidate\" data-status=\"init\">\n<div style=\"display: none;\">\n<input type=\"hidden\" name=\"_wpcf7\" value=\"14856\" \/>\n<input type=\"hidden\" name=\"_wpcf7_version\" value=\"6.0.5\" \/>\n<input type=\"hidden\" name=\"_wpcf7_locale\" value=\"fr_FR\" \/>\n<input type=\"hidden\" name=\"_wpcf7_unit_tag\" value=\"wpcf7-f14856-o1\" \/>\n<input type=\"hidden\" name=\"_wpcf7_container_post\" value=\"0\" \/>\n<input type=\"hidden\" name=\"_wpcf7_posted_data_hash\" value=\"\" \/>\n<input type=\"hidden\" name=\"_wpcf7_recaptcha_response\" value=\"\" \/>\n<\/div>\n<p><span class=\"wpcf7-form-control-wrap\" data-name=\"your-name\"><input size=\"40\" maxlength=\"400\" class=\"wpcf7-form-control wpcf7-text wpcf7-validates-as-required\" aria-required=\"true\" aria-invalid=\"false\" placeholder=\"Nom\" value=\"\" type=\"text\" name=\"your-name\" \/><\/span><br \/>\n<span class=\"wpcf7-form-control-wrap\" data-name=\"email\"><input size=\"40\" maxlength=\"400\" class=\"wpcf7-form-control wpcf7-email wpcf7-validates-as-required wpcf7-text wpcf7-validates-as-email\" aria-required=\"true\" aria-invalid=\"false\" placeholder=\"Email\" value=\"\" type=\"email\" name=\"email\" \/><\/span><br \/>\n<span class=\"wpcf7-form-control-wrap\" data-name=\"textarea\"><textarea cols=\"40\" rows=\"10\" maxlength=\"2000\" class=\"wpcf7-form-control wpcf7-textarea\" aria-invalid=\"false\" name=\"textarea\">Message<\/textarea><\/span>\n<\/p>\n<p><span class=\"wpcf7-form-control-wrap\" data-name=\"acceptance-148\"><span class=\"wpcf7-form-control wpcf7-acceptance optional\"><span class=\"wpcf7-list-item\"><label><input type=\"checkbox\" name=\"acceptance-148\" value=\"1\" aria-invalid=\"false\" \/><span class=\"wpcf7-list-item-label\">J'accepte les termes et conditions<\/span><\/label><\/span><\/span><\/span><br \/>\n<input class=\"wpcf7-form-control wpcf7-submit has-spinner\" type=\"submit\" value=\"Enviar\" \/>\n<\/p><div class=\"wpcf7-response-output\" aria-hidden=\"true\"><\/div>\n<\/form>\n<\/div>\n\t\t\t\t\t<\/div>\r\n\t\t\t\t<\/div>\r\n\t\t\t\t\t\t\t\t<\/div>\n\t\t\t\t<\/div>\n\t\t\t\t\t<\/div>\n\t\t<\/div>\n\t\t\t\t      \r\n            \r\n              \r\n            \r\n            \t\r\n\t\t\t<\/div>\r\n\t\t<\/section>\r\n\t\t\t\t<\/div>\n\t\t","protected":false},"excerpt":{"rendered":"<p>Offres et packs MOMENTS UNIQUES Profitez de vacances sp\u00e9ciales avec nos offres incroyables. Packs Pack de Bienestar Rel\u00e1jate con nuestro paquete de Spa &#038; Yoga que incluye masajes y acceso ilimitado a nuestro spa. Voir plus Ofertas Pack Rom\u00e1ntico Una experiencia de bienestar y diversi\u00f3n para toda la familia en Lunas Park. Voir plus Chuchotez [&hellip;]<\/p>\n","protected":false},"author":1,"featured_media":0,"parent":0,"menu_order":0,"comment_status":"closed","ping_status":"closed","template":"","meta":{"_acf_changed":false,"footnotes":""},"class_list":["post-13960","page","type-page","status-publish","hentry"],"acf":[],"_links":{"self":[{"href":"https:\/\/www.lunashotels.com\/fr\/wp-json\/wp\/v2\/pages\/13960","targetHints":{"allow":["GET"]}}],"collection":[{"href":"https:\/\/www.lunashotels.com\/fr\/wp-json\/wp\/v2\/pages"}],"about":[{"href":"https:\/\/www.lunashotels.com\/fr\/wp-json\/wp\/v2\/types\/page"}],"author":[{"embeddable":true,"href":"https:\/\/www.lunashotels.com\/fr\/wp-json\/wp\/v2\/users\/1"}],"replies":[{"embeddable":true,"href":"https:\/\/www.lunashotels.com\/fr\/wp-json\/wp\/v2\/comments?post=13960"}],"version-history":[{"count":11,"href":"https:\/\/www.lunashotels.com\/fr\/wp-json\/wp\/v2\/pages\/13960\/revisions"}],"predecessor-version":[{"id":14822,"href":"https:\/\/www.lunashotels.com\/fr\/wp-json\/wp\/v2\/pages\/13960\/revisions\/14822"}],"wp:attachment":[{"href":"https:\/\/www.lunashotels.com\/fr\/wp-json\/wp\/v2\/media?parent=13960"}],"curies":[{"name":"wp","href":"https:\/\/api.w.org\/{rel}","templated":true}]}}