{"id":13952,"date":"2025-03-09T09:51:28","date_gmt":"2025-03-09T09:51:28","guid":{"rendered":"https:\/\/www.lunashotels.com\/luna-club-hotel-spa-4\/"},"modified":"2025-05-28T09:19:10","modified_gmt":"2025-05-28T09:19:10","slug":"luna-club-hotel-spa-4","status":"publish","type":"page","link":"https:\/\/www.lunashotels.com\/fr\/luna-club-hotel-spa-4\/","title":{"rendered":"Luna Club Hotel &amp; Spa 4*"},"content":{"rendered":"\t\t<div data-elementor-type=\"wp-page\" data-elementor-id=\"13952\" class=\"elementor elementor-13952 elementor-9799\">\n\t\t\t\t\t\t<section class=\"elementor-section elementor-top-section elementor-element elementor-element-3fcbeaaa elementor-section-boxed elementor-section-height-default elementor-section-height-default\" data-id=\"3fcbeaaa\" data-element_type=\"section\" data-settings=\"{&quot;background_background&quot;:&quot;classic&quot;}\">\r\n\t\t\t\t\t\t\t<div class=\"elementor-background-overlay\"><\/div>\r\n\t\t\t\t\t\t<div class=\"elementor-container elementor-column-gap-default jws_section_\" >\r\n\t\t\t\t<div class=\"elementor-column elementor-col-100 elementor-top-column elementor-element elementor-element-16d7e898\" data-id=\"16d7e898\" data-element_type=\"column\">\n\t\t\t<div class=\"elementor-widget-wrap elementor-element-populated\">\n\t\t\t\t\t\t<div class=\"elementor-element elementor-element-428f0d elementor-widget elementor-widget-heading\" data-id=\"428f0d\" data-element_type=\"widget\" data-widget_type=\"heading.default\">\n\t\t\t\t<div class=\"elementor-widget-container\">\n\t\t\t\t\t<h2 class=\"elementor-heading-title elementor-size-default\">Luna Club Hotel & Spa 4* <\/h2>\t\t\t\t<\/div>\n\t\t\t\t<\/div>\n\t\t\t\t<div class=\"elementor-element elementor-element-2deb2d4 elementor-widget elementor-widget-html\" data-id=\"2deb2d4\" data-element_type=\"widget\" data-widget_type=\"html.default\">\n\t\t\t\t<div class=\"elementor-widget-container\">\n\t\t\t\t\t<div class=\"contenedor-motor-reservas-hotels\">\n    <form action=\"\/es\/book-now\" method=\"get\" autocomplete=\"off\" class=\"\">\n        <div class=\"search-fields-wrapper\">\n          <div class=\"search-fields\">\n           <span>H\u00f4tel:<\/span>\n           <select name=\"select-hotel\" class=\"select-hotel input-select-hotel input-motor-reservas input-index\">\n              <option value=\"0\">S\u00e9lectionnez l'h\u00f4tel<\/option>\n              <option value=\"lunaClub\">Luna Club Hotel &amp; Spa 4* Sup.<\/option>\n              <option value=\"lunaPark\">Luna Park Hotel &amp; Spa 3*<\/option>\n           <\/select>\n           <\/div>\n           <div style=\"width:0px\">\n              <input type=\"hidden\" name=\"_token\" id=\"\" value=\"0pQ4GIcU1ovrDydxSEAFUUIyDTS7GDa1E5uY18Xz\" \/>\n          <\/div>\n          <div class=\"search-fields\">\n              <span>Arriv\u00e9e:<\/span>\n              <input type=\"text\" name=\"date_in\" placeholder=\"Choisissez la date\"  class=\"input-motor-reservas checkin fecha-index\">\n          <\/div>\n          <div class=\"search-fields\">\n              <span>D\u00e9part:<\/span>\n              <input type=\"text\" name=\"date_out\" placeholder=\"Choisissez la date\" class=\"input-motor-reservas checkout fecha-index\">\n          <\/div>\n          <div class=\"search-fields\">\n              <span>Code promo:<\/span>\n              <input type=\"text\" name=\"promo_code\" placeholder=\"Ins\u00e9rer le code\" class=\"input-motor-reservas promo-code\">\n          <\/div>\n          <div class=\"contenedor-promo-code\">\n          <div class=\"promo-typed\"><\/div>\n          <button class=\"promo-code-btn\" type=\"button\">Appliquer le code<\/button>\n        <\/div>\n        <div class=\"contenedor-boton-reserva\">\n           <button class=\"book-now btn-reserva\" rel=\"\">RESERVEZ MAINTENANT<\/button>\n        <\/div>\n        <\/div>\n     <\/form>\n    <script>\n document.addEventListener(\"DOMContentLoaded\", function () {\n     document.querySelectorAll(\".promo-code-btn\").forEach(function (button) {\n         button.addEventListener(\"click\", function (e) {\n             e.preventDefault();\n \n             \/\/ Buscar el input .promo-code m\u00e1s cercano dentro del mismo contenedor\n             const container = button.closest(\".contenedor-motor-reservas-hotels\");\n             const promoInput = container.querySelector(\".promo-code\");\n \n             if (promoInput) {\n                 promoInput.value = \"ENJOYIT\";\n                 promoInput.dispatchEvent(new Event('input', { bubbles: true }));\n                 console.log(\"C\u00f3digo promocional insertado: ENJOYIT\");\n             } else {\n                 console.warn(\"No se encontr\u00f3 el input .promo-code cercano al bot\u00f3n.\");\n             }\n         });\n     });\n });\n <\/script>\n <\/div>\t\t\t\t<\/div>\n\t\t\t\t<\/div>\n\t\t\t\t\t<\/div>\n\t\t<\/div>\n\t\t\t\t      \r\n            \r\n              \r\n            \r\n            \t\r\n\t\t\t<\/div>\r\n\t\t<\/section>\r\n\t\t\t\t<section class=\"elementor-section elementor-top-section elementor-element elementor-element-28b527ae elementor-section-boxed elementor-section-height-default elementor-section-height-default\" data-id=\"28b527ae\" data-element_type=\"section\">\r\n\t\t\t\t\t\t<div class=\"elementor-container elementor-column-gap-default jws_section_\" >\r\n\t\t\t\t<div class=\"elementor-column elementor-col-100 elementor-top-column elementor-element elementor-element-7a87c2ac\" data-id=\"7a87c2ac\" data-element_type=\"column\">\n\t\t\t<div class=\"elementor-widget-wrap elementor-element-populated\">\n\t\t\t\t\t\t<div class=\"elementor-element elementor-element-20c0b94 elementor-widget elementor-widget-heading\" data-id=\"20c0b94\" data-element_type=\"widget\" data-widget_type=\"heading.default\">\n\t\t\t\t<div class=\"elementor-widget-container\">\n\t\t\t\t\t<h2 class=\"elementor-heading-title elementor-size-default\">Votre \u00e9quilibre, notre h\u00e9ritage<\/h2>\t\t\t\t<\/div>\n\t\t\t\t<\/div>\n\t\t\t\t<div class=\"elementor-element elementor-element-0692dba elementor-widget__width-initial elementor-widget elementor-widget-heading\" data-id=\"0692dba\" data-element_type=\"widget\" data-widget_type=\"heading.default\">\n\t\t\t\t<div class=\"elementor-widget-container\">\n\t\t\t\t\t<p class=\"elementor-heading-title elementor-size-default\">Bienvenue au Luna Club Hotel, un refuge o\u00f9 l\u2019art du slow travel prend tout son sens. Ici, entre le murmure de la nature et la chaleur de nos installations, nous vous invitons \u00e0 d\u00e9couvrir un lieu o\u00f9 yoga, s\u00e9r\u00e9nit\u00e9 et confort s\u2019unissent pour cr\u00e9er une exp\u00e9rience unique. Parfait pour ce lles et ceux qui cherchent \u00e0 se renouveler \u2014 un espace pour respirer, ressentir et simplement \u00eatre.  <\/p>\t\t\t\t<\/div>\n\t\t\t\t<\/div>\n\t\t\t\t\t<\/div>\n\t\t<\/div>\n\t\t\t\t      \r\n            \r\n              \r\n            \r\n            \t\r\n\t\t\t<\/div>\r\n\t\t<\/section>\r\n\t\t\t\t<section class=\"elementor-section elementor-top-section elementor-element elementor-element-df1148f elementor-section-boxed elementor-section-height-default elementor-section-height-default\" data-id=\"df1148f\" data-element_type=\"section\">\r\n\t\t\t\t\t\t<div class=\"elementor-container elementor-column-gap-default jws_section_\" >\r\n\t\t\t\t<div class=\"elementor-column elementor-col-100 elementor-top-column elementor-element elementor-element-cd86511\" data-id=\"cd86511\" data-element_type=\"column\">\n\t\t\t<div class=\"elementor-widget-wrap elementor-element-populated\">\n\t\t\t\t\t\t<div class=\"elementor-element elementor-element-f2dcc70 elementor-widget elementor-widget-jws_accommodation-types\" data-id=\"f2dcc70\" data-element_type=\"widget\" data-widget_type=\"jws_accommodation-types.default\">\n\t\t\t\t<div class=\"elementor-widget-container\">\n\t\t\t\t\t \r\n\t\t\r\n\t\t<div class=\"jws-accommodation-advanced-element\">\r\n        <div class=\"data-ajax\" data-args='{\"excerpt_more\":\" ... \",\"readmore_text\":\"Voir plus\",\"post_text_first\":\"ALL CATEGORIES\",\"query_type\":\"custom\",\"category_filter\":[\"51\"],\"accommodation_advanced_columns\":\"6\",\"pagination_loadmore_label\":\"Load more posts\",\"_margin\":{\"unit\":\"px\",\"top\":\"0\",\"right\":\"0\",\"bottom\":\"0\",\"left\":\"0\",\"isLinked\":true},\"_element_custom_width\":{\"unit\":\"%\",\"size\":100,\"sizes\":[]},\"accommodation_advanced_columns_mobile\":\"12\",\"accommodation_advanced_display\":\"grid\",\"border_popover_toggle\":\"yes\",\"accommodation_advanced_layouts\":\"layout1\",\"excerpt_length\":\"\",\"icon\":{\"value\":\"fab fa-wordpress\",\"library\":\"fa-brands\"},\"accommodation_advanced_image_size\":{\"width\":\"\",\"height\":\"\"},\"post_archive\":\"no\",\"post_related\":\"no\",\"title_related\":\"\",\"related_per_page\":\"\",\"ajax_page\":\"\",\"post_nav_on\":\"\",\"enable_animation_scroll\":\"\",\"accommodation_advanced_per_page\":\"8\",\"show_lives\":\"\",\"category_filter_rule\":\"IN\",\"tag_filter_rule\":\"IN\",\"tag_filter\":\"\",\"location_filter\":\"\",\"offset\":0,\"query_manual_ids\":\"\",\"query_exclude_ids\":\"\",\"query_exclude_current\":\"\",\"orderby\":\"date\",\"order\":\"desc\",\"filter_room\":\"no\",\"filter_sortby\":\"no\",\"filter_category\":\"no\",\"filter_location\":\"no\",\"filter_price\":\"no\",\"filter_size\":\"no\",\"filter_size_max\":300,\"filter_size_step\":50,\"pagination_align\":\"\",\"pagination_type\":\"\",\"enable_nav\":\"yes\",\"enable_dots\":\"\",\"slides_to_show\":\"\",\"slides_to_scroll\":\"\",\"autoplay\":\"\",\"pause_on_hover\":\"yes\",\"infinite\":\"\",\"variablewidth\":\"yes\",\"rtl\":\"\",\"transition_speed\":500,\"show_excerpt\":\"yes\",\"_title\":\"\",\"_element_width\":\"\",\"_element_width_laptop\":\"\",\"_element_width_tablet\":\"\",\"_element_width_mobile\":\"\",\"_position\":\"\",\"_element_id\":\"\",\"_css_classes\":\"\",\"_animation\":\"\",\"_animation_laptop\":\"\",\"_animation_tablet\":\"\",\"_animation_mobile\":\"\",\"animation_duration\":\"\",\"_animation_delay\":\"\",\"enable_sticky_effect\":\"\",\"enable_fixed_bottom\":\"\",\"enable_desktop_sticky_effect\":\"\",\"enable_tablet_sticky_effect\":\"\",\"enable_mobile_sticky_effect\":\"\",\"enable_scroll_up_sticky\":\"\",\"sticky_transparent\":\"\",\"sticky_transparent_laptop\":\"\",\"sticky_transparent_tablet\":\"\",\"sticky_transparent_mobile\":\"\",\"sticky_parent_container\":\"\",\"_transform_rotate_popover\":\"\",\"_transform_rotateZ_effect\":{\"unit\":\"px\",\"size\":\"\",\"sizes\":[]},\"_transform_rotateZ_effect_laptop\":{\"unit\":\"deg\",\"size\":\"\",\"sizes\":[]},\"_transform_rotateZ_effect_tablet\":{\"unit\":\"deg\",\"size\":\"\",\"sizes\":[]},\"_transform_rotateZ_effect_mobile\":{\"unit\":\"deg\",\"size\":\"\",\"sizes\":[]},\"_transform_rotate_3d\":\"\",\"_transform_rotateX_effect\":{\"unit\":\"px\",\"size\":\"\",\"sizes\":[]},\"_transform_rotateX_effect_laptop\":{\"unit\":\"deg\",\"size\":\"\",\"sizes\":[]},\"_transform_rotateX_effect_tablet\":{\"unit\":\"deg\",\"size\":\"\",\"sizes\":[]},\"_transform_rotateX_effect_mobile\":{\"unit\":\"deg\",\"size\":\"\",\"sizes\":[]},\"_transform_rotateY_effect\":{\"unit\":\"px\",\"size\":\"\",\"sizes\":[]},\"_transform_rotateY_effect_laptop\":{\"unit\":\"deg\",\"size\":\"\",\"sizes\":[]},\"_transform_rotateY_effect_tablet\":{\"unit\":\"deg\",\"size\":\"\",\"sizes\":[]},\"_transform_rotateY_effect_mobile\":{\"unit\":\"deg\",\"size\":\"\",\"sizes\":[]},\"_transform_perspective_effect\":{\"unit\":\"px\",\"size\":\"\",\"sizes\":[]},\"_transform_perspective_effect_laptop\":{\"unit\":\"px\",\"size\":\"\",\"sizes\":[]},\"_transform_perspective_effect_tablet\":{\"unit\":\"px\",\"size\":\"\",\"sizes\":[]},\"_transform_perspective_effect_mobile\":{\"unit\":\"px\",\"size\":\"\",\"sizes\":[]},\"_transform_translate_popover\":\"\",\"_transform_translateX_effect\":{\"unit\":\"px\",\"size\":\"\",\"sizes\":[]},\"_transform_translateX_effect_laptop\":{\"unit\":\"px\",\"size\":\"\",\"sizes\":[]},\"_transform_translateX_effect_tablet\":{\"unit\":\"px\",\"size\":\"\",\"sizes\":[]},\"_transform_translateX_effect_mobile\":{\"unit\":\"px\",\"size\":\"\",\"sizes\":[]},\"_transform_translateY_effect\":{\"unit\":\"px\",\"size\":\"\",\"sizes\":[]},\"_transform_translateY_effect_laptop\":{\"unit\":\"px\",\"size\":\"\",\"sizes\":[]},\"_transform_translateY_effect_tablet\":{\"unit\":\"px\",\"size\":\"\",\"sizes\":[]},\"_transform_translateY_effect_mobile\":{\"unit\":\"px\",\"size\":\"\",\"sizes\":[]},\"_transform_scale_popover\":\"\",\"_transform_keep_proportions\":\"yes\",\"_transform_scale_effect\":{\"unit\":\"px\",\"size\":\"\",\"sizes\":[]},\"_transform_scale_effect_laptop\":{\"unit\":\"px\",\"size\":\"\",\"sizes\":[]},\"_transform_scale_effect_tablet\":{\"unit\":\"px\",\"size\":\"\",\"sizes\":[]},\"_transform_scale_effect_mobile\":{\"unit\":\"px\",\"size\":\"\",\"sizes\":[]},\"_transform_scaleX_effect\":{\"unit\":\"px\",\"size\":\"\",\"sizes\":[]},\"_transform_scaleX_effect_laptop\":{\"unit\":\"px\",\"size\":\"\",\"sizes\":[]},\"_transform_scaleX_effect_tablet\":{\"unit\":\"px\",\"size\":\"\",\"sizes\":[]},\"_transform_scaleX_effect_mobile\":{\"unit\":\"px\",\"size\":\"\",\"sizes\":[]},\"_transform_scaleY_effect\":{\"unit\":\"px\",\"size\":\"\",\"sizes\":[]},\"_transform_scaleY_effect_laptop\":{\"unit\":\"px\",\"size\":\"\",\"sizes\":[]},\"_transform_scaleY_effect_tablet\":{\"unit\":\"px\",\"size\":\"\",\"sizes\":[]},\"_transform_scaleY_effect_mobile\":{\"unit\":\"px\",\"size\":\"\",\"sizes\":[]},\"_transform_skew_popover\":\"\",\"_transform_skewX_effect\":{\"unit\":\"px\",\"size\":\"\",\"sizes\":[]},\"_transform_skewX_effect_laptop\":{\"unit\":\"deg\",\"size\":\"\",\"sizes\":[]},\"_transform_skewX_effect_tablet\":{\"unit\":\"deg\",\"size\":\"\",\"sizes\":[]},\"_transform_skewX_effect_mobile\":{\"unit\":\"deg\",\"size\":\"\",\"sizes\":[]},\"_transform_skewY_effect\":{\"unit\":\"px\",\"size\":\"\",\"sizes\":[]},\"_transform_skewY_effect_laptop\":{\"unit\":\"deg\",\"size\":\"\",\"sizes\":[]},\"_transform_skewY_effect_tablet\":{\"unit\":\"deg\",\"size\":\"\",\"sizes\":[]},\"_transform_skewY_effect_mobile\":{\"unit\":\"deg\",\"size\":\"\",\"sizes\":[]},\"_transform_flipX_effect\":\"\",\"_transform_flipY_effect\":\"\",\"_transform_rotate_popover_hover\":\"\",\"_transform_rotateZ_effect_hover\":{\"unit\":\"px\",\"size\":\"\",\"sizes\":[]},\"_transform_rotateZ_effect_hover_laptop\":{\"unit\":\"deg\",\"size\":\"\",\"sizes\":[]},\"_transform_rotateZ_effect_hover_tablet\":{\"unit\":\"deg\",\"size\":\"\",\"sizes\":[]},\"_transform_rotateZ_effect_hover_mobile\":{\"unit\":\"deg\",\"size\":\"\",\"sizes\":[]},\"_transform_rotate_3d_hover\":\"\",\"_transform_rotateX_effect_hover\":{\"unit\":\"px\",\"size\":\"\",\"sizes\":[]},\"_transform_rotateX_effect_hover_laptop\":{\"unit\":\"deg\",\"size\":\"\",\"sizes\":[]},\"_transform_rotateX_effect_hover_tablet\":{\"unit\":\"deg\",\"size\":\"\",\"sizes\":[]},\"_transform_rotateX_effect_hover_mobile\":{\"unit\":\"deg\",\"size\":\"\",\"sizes\":[]},\"_transform_rotateY_effect_hover\":{\"unit\":\"px\",\"size\":\"\",\"sizes\":[]},\"_transform_rotateY_effect_hover_laptop\":{\"unit\":\"deg\",\"size\":\"\",\"sizes\":[]},\"_transform_rotateY_effect_hover_tablet\":{\"unit\":\"deg\",\"size\":\"\",\"sizes\":[]},\"_transform_rotateY_effect_hover_mobile\":{\"unit\":\"deg\",\"size\":\"\",\"sizes\":[]},\"_transform_perspective_effect_hover\":{\"unit\":\"px\",\"size\":\"\",\"sizes\":[]},\"_transform_perspective_effect_hover_laptop\":{\"unit\":\"px\",\"size\":\"\",\"sizes\":[]},\"_transform_perspective_effect_hover_tablet\":{\"unit\":\"px\",\"size\":\"\",\"sizes\":[]},\"_transform_perspective_effect_hover_mobile\":{\"unit\":\"px\",\"size\":\"\",\"sizes\":[]},\"_transform_translate_popover_hover\":\"\",\"_transform_translateX_effect_hover\":{\"unit\":\"px\",\"size\":\"\",\"sizes\":[]},\"_transform_translateX_effect_hover_laptop\":{\"unit\":\"px\",\"size\":\"\",\"sizes\":[]},\"_transform_translateX_effect_hover_tablet\":{\"unit\":\"px\",\"size\":\"\",\"sizes\":[]},\"_transform_translateX_effect_hover_mobile\":{\"unit\":\"px\",\"size\":\"\",\"sizes\":[]},\"_transform_translateY_effect_hover\":{\"unit\":\"px\",\"size\":\"\",\"sizes\":[]},\"_transform_translateY_effect_hover_laptop\":{\"unit\":\"px\",\"size\":\"\",\"sizes\":[]},\"_transform_translateY_effect_hover_tablet\":{\"unit\":\"px\",\"size\":\"\",\"sizes\":[]},\"_transform_translateY_effect_hover_mobile\":{\"unit\":\"px\",\"size\":\"\",\"sizes\":[]},\"_transform_scale_popover_hover\":\"\",\"_transform_keep_proportions_hover\":\"yes\",\"_transform_scale_effect_hover\":{\"unit\":\"px\",\"size\":\"\",\"sizes\":[]},\"_transform_scale_effect_hover_laptop\":{\"unit\":\"px\",\"size\":\"\",\"sizes\":[]},\"_transform_scale_effect_hover_tablet\":{\"unit\":\"px\",\"size\":\"\",\"sizes\":[]},\"_transform_scale_effect_hover_mobile\":{\"unit\":\"px\",\"size\":\"\",\"sizes\":[]},\"_transform_scaleX_effect_hover\":{\"unit\":\"px\",\"size\":\"\",\"sizes\":[]},\"_transform_scaleX_effect_hover_laptop\":{\"unit\":\"px\",\"size\":\"\",\"sizes\":[]},\"_transform_scaleX_effect_hover_tablet\":{\"unit\":\"px\",\"size\":\"\",\"sizes\":[]},\"_transform_scaleX_effect_hover_mobile\":{\"unit\":\"px\",\"size\":\"\",\"sizes\":[]},\"_transform_scaleY_effect_hover\":{\"unit\":\"px\",\"size\":\"\",\"sizes\":[]},\"_transform_scaleY_effect_hover_laptop\":{\"unit\":\"px\",\"size\":\"\",\"sizes\":[]},\"_transform_scaleY_effect_hover_tablet\":{\"unit\":\"px\",\"size\":\"\",\"sizes\":[]},\"_transform_scaleY_effect_hover_mobile\":{\"unit\":\"px\",\"size\":\"\",\"sizes\":[]},\"_transform_skew_popover_hover\":\"\",\"_transform_skewX_effect_hover\":{\"unit\":\"px\",\"size\":\"\",\"sizes\":[]},\"_transform_skewX_effect_hover_laptop\":{\"unit\":\"deg\",\"size\":\"\",\"sizes\":[]},\"_transform_skewX_effect_hover_tablet\":{\"unit\":\"deg\",\"size\":\"\",\"sizes\":[]},\"_transform_skewX_effect_hover_mobile\":{\"unit\":\"deg\",\"size\":\"\",\"sizes\":[]},\"_transform_skewY_effect_hover\":{\"unit\":\"px\",\"size\":\"\",\"sizes\":[]},\"_transform_skewY_effect_hover_laptop\":{\"unit\":\"deg\",\"size\":\"\",\"sizes\":[]},\"_transform_skewY_effect_hover_tablet\":{\"unit\":\"deg\",\"size\":\"\",\"sizes\":[]},\"_transform_skewY_effect_hover_mobile\":{\"unit\":\"deg\",\"size\":\"\",\"sizes\":[]},\"_transform_flipX_effect_hover\":\"\",\"_transform_flipY_effect_hover\":\"\",\"_background_color\":\"\",\"_background_color_b\":\"#f2295b\",\"_background_image\":{\"url\":\"\",\"id\":\"\",\"size\":\"\"},\"_background_video_link\":\"\",\"_background_video_start\":\"\",\"_background_video_end\":\"\",\"_background_play_once\":\"\",\"_background_play_on_mobile\":\"\",\"_background_privacy_mode\":\"\",\"_background_slideshow_gallery\":[],\"_background_slideshow_loop\":\"yes\",\"_background_slideshow_slide_duration\":5000,\"_background_slideshow_slide_transition\":\"fade\",\"_background_slideshow_transition_duration\":500,\"_background_slideshow_lazyload\":\"\",\"_background_slideshow_ken_burns\":\"\",\"_background_slideshow_ken_burns_zoom_direction\":\"in\",\"_background_hover_color\":\"\",\"_background_hover_color_b\":\"#f2295b\",\"_background_hover_image\":{\"url\":\"\",\"id\":\"\",\"size\":\"\"},\"_background_hover_video_link\":\"\",\"_background_hover_video_start\":\"\",\"_background_hover_video_end\":\"\",\"_background_hover_play_once\":\"\",\"_background_hover_play_on_mobile\":\"\",\"_background_hover_privacy_mode\":\"\",\"_background_hover_slideshow_gallery\":[],\"_background_hover_slideshow_loop\":\"yes\",\"_background_hover_slideshow_slide_duration\":5000,\"_background_hover_slideshow_slide_transition\":\"fade\",\"_background_hover_slideshow_transition_duration\":500,\"_background_hover_slideshow_lazyload\":\"\",\"_background_hover_slideshow_ken_burns\":\"\",\"_background_hover_slideshow_ken_burns_zoom_direction\":\"in\",\"_mask_switch\":\"\",\"_mask_notice\":\"\",\"hide_desktop\":\"\",\"hide_laptop\":\"\",\"hide_tablet\":\"\",\"hide_mobile\":\"\",\"class_columns\":\"jws-post-item col-xl-6 col-lg-6 col-12\"}' data-query='{\"post_type\":\"mphb_room_type\",\"post_status\":\"publish\",\"posts_per_page\":\"8\",\"paged\":1,\"post__not_in\":[],\"orderby\":\"date\",\"order\":\"desc\",\"tax_query\":[{\"taxonomy\":\"mphb_room_type_category\",\"field\":\"id\",\"terms\":[\"51\"],\"operator\":\"IN\"}]}'><\/div>\r\n           \r\n             \r\n            \r\n             \r\n            <div class=\"row accommodation-advanced-content accommodation-advanced-ajax-f2dcc70 layout1\"  >\r\n                <div class=\"jws-post-item col-xl-6 col-lg-6 col-12 \" data-index=\"1\"><div class=\"post-inner\">\r\n    <div class=\"post-media\">\r\n    <a href=\"https:\/\/www.lunashotels.com\/fr\/accommodation\/chambre-familiale\/\">\r\n        <img class='attachment-full' alt='' src=https:\/\/www.lunashotels.com\/wp-content\/uploads\/2025\/04\/habdoble1.jpg >    <\/a>  \r\n    <\/div>\r\n    <div class=\"post-content\">\r\n                <h3 class=\"post-title\">\r\n           <a href=\"https:\/\/www.lunashotels.com\/fr\/accommodation\/chambre-familiale\/\">\r\n                 Chambre Familiale           <\/a> \r\n        <\/h3>\r\n        <div class=\"post-description\">\r\n            La Chambre Familiale est votre chez-vous loin de chez vous.        <\/div>\r\n        <div class=\"post-detail\">\r\n             \r\n             <div class=\"price\">\r\n                 From: <span class=\"mphb-price\"><span class=\"mphb-currency\">&#36;<\/span>0<\/span> <span class=\"mphb-price-period\" title=\"Choisissez les dates pour voir les prix pertinents\">par nuit<\/span>             <\/div>\r\n             <a href=\"https:\/\/www.lunashotels.com\/fr\/accommodation\/chambre-familiale\/\" class=\"post-link button-custom\">Voir plus<\/a>        <\/div>\r\n    <\/div>\r\n<\/div> <\/div><div class=\"jws-post-item col-xl-6 col-lg-6 col-12 \" data-index=\"2\"><div class=\"post-inner\">\r\n    <div class=\"post-media\">\r\n    <a href=\"https:\/\/www.lunashotels.com\/fr\/accommodation\/chambre-double\/\">\r\n        <img class='attachment-full' alt='' src=https:\/\/www.lunashotels.com\/wp-content\/uploads\/2025\/04\/habdoble.jpg >    <\/a>  \r\n    <\/div>\r\n    <div class=\"post-content\">\r\n                <h3 class=\"post-title\">\r\n           <a href=\"https:\/\/www.lunashotels.com\/fr\/accommodation\/chambre-double\/\">\r\n                 Chambre Double           <\/a> \r\n        <\/h3>\r\n        <div class=\"post-description\">\r\n            Un coin chaleureux o\u00f9 la simplicit\u00e9 devient bien-\u00eatre.        <\/div>\r\n        <div class=\"post-detail\">\r\n             \r\n             <div class=\"price\">\r\n                 From: <span class=\"mphb-price\"><span class=\"mphb-currency\">&#36;<\/span>0<\/span> <span class=\"mphb-price-period\" title=\"Choisissez les dates pour voir les prix pertinents\">par nuit<\/span>             <\/div>\r\n             <a href=\"https:\/\/www.lunashotels.com\/fr\/accommodation\/chambre-double\/\" class=\"post-link button-custom\">Voir plus<\/a>        <\/div>\r\n    <\/div>\r\n<\/div> <\/div><div class=\"jws-post-item col-xl-6 col-lg-6 col-12 \" data-index=\"3\"><div class=\"post-inner\">\r\n    <div class=\"post-media\">\r\n    <a href=\"https:\/\/www.lunashotels.com\/fr\/accommodation\/chambre-double-superieure\/\">\r\n        <img class='attachment-full' alt='' src=https:\/\/www.lunashotels.com\/wp-content\/uploads\/2025\/04\/slide-4.jpg >    <\/a>  \r\n    <\/div>\r\n    <div class=\"post-content\">\r\n                <h3 class=\"post-title\">\r\n           <a href=\"https:\/\/www.lunashotels.com\/fr\/accommodation\/chambre-double-superieure\/\">\r\n                 Chambre Double Sup\u00e9rieure           <\/a> \r\n        <\/h3>\r\n        <div class=\"post-description\">\r\n            Entrez dans un espace o\u00f9 l\u2019\u00e9l\u00e9gance rencontre la s\u00e9r\u00e9nit\u00e9.        <\/div>\r\n        <div class=\"post-detail\">\r\n             \r\n             <div class=\"price\">\r\n                 From: <span class=\"mphb-price\"><span class=\"mphb-currency\">&#36;<\/span>0<\/span> <span class=\"mphb-price-period\" title=\"Choisissez les dates pour voir les prix pertinents\">par nuit<\/span>             <\/div>\r\n             <a href=\"https:\/\/www.lunashotels.com\/fr\/accommodation\/chambre-double-superieure\/\" class=\"post-link button-custom\">Voir plus<\/a>        <\/div>\r\n    <\/div>\r\n<\/div> <\/div><div class=\"jws-post-item col-xl-6 col-lg-6 col-12 \" data-index=\"4\"><div class=\"post-inner\">\r\n    <div class=\"post-media\">\r\n    <a href=\"https:\/\/www.lunashotels.com\/fr\/accommodation\/chambre-individuelle\/\">\r\n        <img class='attachment-full' alt='' src=https:\/\/www.lunashotels.com\/wp-content\/uploads\/2025\/04\/habdoble.jpg >    <\/a>  \r\n    <\/div>\r\n    <div class=\"post-content\">\r\n                <h3 class=\"post-title\">\r\n           <a href=\"https:\/\/www.lunashotels.com\/fr\/accommodation\/chambre-individuelle\/\">\r\n                 Chambre Individuelle           <\/a> \r\n        <\/h3>\r\n        <div class=\"post-description\">\r\n            Un refuge intime con\u00e7u rien que pour vous.        <\/div>\r\n        <div class=\"post-detail\">\r\n             \r\n             <div class=\"price\">\r\n                 From: <span class=\"mphb-price\"><span class=\"mphb-currency\">&#36;<\/span>0<\/span> <span class=\"mphb-price-period\" title=\"Choisissez les dates pour voir les prix pertinents\">par nuit<\/span>             <\/div>\r\n             <a href=\"https:\/\/www.lunashotels.com\/fr\/accommodation\/chambre-individuelle\/\" class=\"post-link button-custom\">Voir plus<\/a>        <\/div>\r\n    <\/div>\r\n<\/div> <\/div>            <\/div>\r\n                                <\/div>\r\n\r\n\t\t\t\t\t<\/div>\n\t\t\t\t<\/div>\n\t\t\t\t\t<\/div>\n\t\t<\/div>\n\t\t\t\t      \r\n            \r\n              \r\n            \r\n            \t\r\n\t\t\t<\/div>\r\n\t\t<\/section>\r\n\t\t\t\t<\/div>\n\t\t","protected":false},"excerpt":{"rendered":"<p>Luna Club Hotel &#038; Spa 4* H\u00f4tel: S\u00e9lectionnez l&rsquo;h\u00f4telLuna Club Hotel &amp; Spa 4* Sup.Luna Park Hotel &amp; Spa 3* Arriv\u00e9e: D\u00e9part: Code promo: Appliquer le code RESERVEZ MAINTENANT Votre \u00e9quilibre, notre h\u00e9ritage Bienvenue au Luna Club Hotel, un refuge o\u00f9 l\u2019art du slow travel prend tout son sens. Ici, entre le murmure de la [&hellip;]<\/p>\n","protected":false},"author":1,"featured_media":0,"parent":0,"menu_order":0,"comment_status":"closed","ping_status":"closed","template":"","meta":{"_acf_changed":false,"footnotes":""},"class_list":["post-13952","page","type-page","status-publish","hentry"],"acf":[],"_links":{"self":[{"href":"https:\/\/www.lunashotels.com\/fr\/wp-json\/wp\/v2\/pages\/13952","targetHints":{"allow":["GET"]}}],"collection":[{"href":"https:\/\/www.lunashotels.com\/fr\/wp-json\/wp\/v2\/pages"}],"about":[{"href":"https:\/\/www.lunashotels.com\/fr\/wp-json\/wp\/v2\/types\/page"}],"author":[{"embeddable":true,"href":"https:\/\/www.lunashotels.com\/fr\/wp-json\/wp\/v2\/users\/1"}],"replies":[{"embeddable":true,"href":"https:\/\/www.lunashotels.com\/fr\/wp-json\/wp\/v2\/comments?post=13952"}],"version-history":[{"count":31,"href":"https:\/\/www.lunashotels.com\/fr\/wp-json\/wp\/v2\/pages\/13952\/revisions"}],"predecessor-version":[{"id":15094,"href":"https:\/\/www.lunashotels.com\/fr\/wp-json\/wp\/v2\/pages\/13952\/revisions\/15094"}],"wp:attachment":[{"href":"https:\/\/www.lunashotels.com\/fr\/wp-json\/wp\/v2\/media?parent=13952"}],"curies":[{"name":"wp","href":"https:\/\/api.w.org\/{rel}","templated":true}]}}