{"id":13948,"date":"2025-03-21T02:22:52","date_gmt":"2025-03-21T02:22:52","guid":{"rendered":"https:\/\/www.lunashotels.com\/contacto\/"},"modified":"2025-05-20T10:09:03","modified_gmt":"2025-05-20T10:09:03","slug":"contacto","status":"publish","type":"page","link":"https:\/\/www.lunashotels.com\/fr\/contacto\/","title":{"rendered":"Contact"},"content":{"rendered":"\t\t<div data-elementor-type=\"wp-page\" data-elementor-id=\"13948\" class=\"elementor elementor-13948 elementor-6473\">\n\t\t\t\t\t\t<section class=\"elementor-section elementor-top-section elementor-element elementor-element-7da2050 elementor-section-content-middle elementor-section-boxed elementor-section-height-default elementor-section-height-default\" data-id=\"7da2050\" data-element_type=\"section\">\r\n\t\t\t\t\t\t<div class=\"elementor-container elementor-column-gap-default jws_section_\" >\r\n\t\t\t\t<div class=\"elementor-column elementor-col-50 elementor-top-column elementor-element elementor-element-1b7c305\" data-id=\"1b7c305\" data-element_type=\"column\">\n\t\t\t<div class=\"elementor-widget-wrap elementor-element-populated\">\n\t\t\t\t\t\t<div class=\"elementor-element elementor-element-eba0bea elementor-invisible elementor-widget elementor-widget-heading\" data-id=\"eba0bea\" data-element_type=\"widget\" data-settings=\"{&quot;_animation&quot;:&quot;fadeInUp&quot;}\" data-widget_type=\"heading.default\">\n\t\t\t\t<div class=\"elementor-widget-container\">\n\t\t\t\t\t<div class=\"elementor-heading-title elementor-size-default\">LUNAS RESORT<\/div>\t\t\t\t<\/div>\n\t\t\t\t<\/div>\n\t\t\t\t<div class=\"elementor-element elementor-element-3fbf488 elementor-invisible elementor-widget elementor-widget-heading\" data-id=\"3fbf488\" data-element_type=\"widget\" data-settings=\"{&quot;_animation&quot;:&quot;fadeInUp&quot;}\" data-widget_type=\"heading.default\">\n\t\t\t\t<div class=\"elementor-widget-container\">\n\t\t\t\t\t<h2 class=\"elementor-heading-title elementor-size-default\">Contactez-nous<\/h2>\t\t\t\t<\/div>\n\t\t\t\t<\/div>\n\t\t\t\t<div class=\"elementor-element elementor-element-44846be elementor-invisible elementor-widget elementor-widget-heading\" data-id=\"44846be\" data-element_type=\"widget\" data-settings=\"{&quot;_animation&quot;:&quot;fadeInUp&quot;}\" data-widget_type=\"heading.default\">\n\t\t\t\t<div class=\"elementor-widget-container\">\n\t\t\t\t\t<h5 class=\"elementor-heading-title elementor-size-default\"><a href=\"http:\/\/+34937654250\">+34 937 654 250 - Hotel<\/a><\/h5>\t\t\t\t<\/div>\n\t\t\t\t<\/div>\n\t\t\t\t<div class=\"elementor-element elementor-element-796252d elementor-invisible elementor-widget elementor-widget-heading\" data-id=\"796252d\" data-element_type=\"widget\" data-settings=\"{&quot;_animation&quot;:&quot;fadeInUp&quot;}\" data-widget_type=\"heading.default\">\n\t\t\t\t<div class=\"elementor-widget-container\">\n\t\t\t\t\t<h5 class=\"elementor-heading-title elementor-size-default\"><a href=\"tel:+34937690300\">+34 937 690 300 - Booking<\/a><\/h5>\t\t\t\t<\/div>\n\t\t\t\t<\/div>\n\t\t\t\t<div class=\"elementor-element elementor-element-eefeda1 elementor-invisible elementor-widget elementor-widget-heading\" data-id=\"eefeda1\" data-element_type=\"widget\" data-settings=\"{&quot;_animation&quot;:&quot;fadeInUp&quot;}\" data-widget_type=\"heading.default\">\n\t\t\t\t<div class=\"elementor-widget-container\">\n\t\t\t\t\t<h5 class=\"elementor-heading-title elementor-size-default\"><a href=\"mailto:info@bondiahotels.com\">info@bondiahotels.com<\/a><\/h5>\t\t\t\t<\/div>\n\t\t\t\t<\/div>\n\t\t\t\t<div class=\"elementor-element elementor-element-a7bac7f elementor-invisible elementor-widget elementor-widget-text-editor\" data-id=\"a7bac7f\" data-element_type=\"widget\" data-settings=\"{&quot;_animation&quot;:&quot;fadeInUp&quot;}\" data-widget_type=\"text-editor.default\">\n\t\t\t\t<div class=\"elementor-widget-container\">\n\t\t\t\t\t\t\t\t\t<p><span class=\"elementor-icon-list-text\">Avda. Col\u00f3n, 12 &#8211; 08380 Malgrat de Mar, Barcelona Espa\u00f1a<\/span><\/p>\t\t\t\t\t\t\t\t<\/div>\n\t\t\t\t<\/div>\n\t\t\t\t\t<\/div>\n\t\t<\/div>\n\t\t\t\t<div class=\"elementor-column elementor-col-50 elementor-top-column elementor-element elementor-element-9f8a01a\" data-id=\"9f8a01a\" data-element_type=\"column\">\n\t\t\t<div class=\"elementor-widget-wrap elementor-element-populated\">\n\t\t\t\t\t\t<div class=\"elementor-element elementor-element-ac12049 elementor-widget elementor-widget-jws_map\" data-id=\"ac12049\" data-element_type=\"widget\" data-widget_type=\"jws_map.default\">\n\t\t\t\t<div class=\"elementor-widget-container\">\n\t\t\t\t\t\t\t<div class=\"jws-google-map-wrap\">\r\n\t\t\t<div id=\"jws-google-map-ac12049\" class=\"jws-google-map\" data-map_options=\"{&quot;zoom&quot;:14,&quot;mapTypeId&quot;:&quot;roadmap&quot;,&quot;mapTypeControl&quot;:false,&quot;streetViewControl&quot;:true,&quot;zoomControl&quot;:false,&quot;fullscreenControl&quot;:false,&quot;gestureHandling&quot;:false}\" data-cluster=\"no\" data-max-width=\"293\" data-locations=\"[[&quot;41.63857&quot;,&quot;2.72555&quot;,true,&quot;Lunas Resort&quot;,&quot;Avda. Col\\u00f3n 12 - 08380 Malgrat de Mar, Barcelona, Espa\\u00f1a&quot;,&quot;https:\\\/\\\/www.lunashotels.com\\\/wp-content\\\/uploads\\\/2025\\\/04\\\/13.-Pool.jpg&quot;,&quot;custom&quot;,&quot;https:\\\/\\\/www.lunashotels.com\\\/wp-content\\\/uploads\\\/2023\\\/07\\\/pin2.png&quot;,47,&quot;&quot;]]\" data-animate=\"\" data-auto-center=\"center\" data-offset=\"\" data-predefined-style=\"silver\"><\/div>\r\n\t\t<\/div>\r\n\t\t\t\t\t\t<\/div>\n\t\t\t\t<\/div>\n\t\t\t\t\t<\/div>\n\t\t<\/div>\n\t\t\t\t      \r\n            \r\n              \r\n            \r\n            \t\r\n\t\t\t<\/div>\r\n\t\t<\/section>\r\n\t\t\t\t<section class=\"elementor-section elementor-top-section elementor-element elementor-element-aa8eb85 elementor-section-boxed elementor-section-height-default elementor-section-height-default\" data-id=\"aa8eb85\" data-element_type=\"section\">\r\n\t\t\t\t\t\t<div class=\"elementor-container elementor-column-gap-default jws_section_\" >\r\n\t\t\t\t<div class=\"elementor-column elementor-col-100 elementor-top-column elementor-element elementor-element-91d6ced\" data-id=\"91d6ced\" data-element_type=\"column\">\n\t\t\t<div class=\"elementor-widget-wrap elementor-element-populated\">\n\t\t\t\t\t\t<div class=\"elementor-element elementor-element-f01be59 elementor-widget elementor-widget-heading\" data-id=\"f01be59\" data-element_type=\"widget\" data-widget_type=\"heading.default\">\n\t\t\t\t<div class=\"elementor-widget-container\">\n\t\t\t\t\t<div class=\"elementor-heading-title elementor-size-default\">D'autres questions ?<\/div>\t\t\t\t<\/div>\n\t\t\t\t<\/div>\n\t\t\t\t<div class=\"elementor-element elementor-element-5002106 elementor-widget elementor-widget-heading\" data-id=\"5002106\" data-element_type=\"widget\" data-widget_type=\"heading.default\">\n\t\t\t\t<div class=\"elementor-widget-container\">\n\t\t\t\t\t<h2 class=\"elementor-heading-title elementor-size-default\">Contactez-nous pour plus de d\u00e9tails<\/h2>\t\t\t\t<\/div>\n\t\t\t\t<\/div>\n\t\t\t\t<div class=\"elementor-element elementor-element-5a5519f elementor-widget elementor-widget-text-editor\" data-id=\"5a5519f\" data-element_type=\"widget\" data-widget_type=\"text-editor.default\">\n\t\t\t\t<div class=\"elementor-widget-container\">\n\t\t\t\t\t\t\t\t\t<p>Aucune commande n\u2019est trop grande et aucun d\u00e9tail n\u2019est trop petit. Nous sommes \u00e9galement l\u00e0 pour vous aider avant le d\u00e9but de votre voyage au Lunas Resort.<\/p>\t\t\t\t\t\t\t\t<\/div>\n\t\t\t\t<\/div>\n\t\t\t\t<div class=\"elementor-element elementor-element-70beb2f jws-cf7-check-yes jws-cf7-button-center jws-cf7-style-box jws-cf7-input-size-sm jws-cf7-btn-size-sm jws-cf7-highlight-style-default elementor-invisible elementor-widget elementor-widget-jws_cf7\" data-id=\"70beb2f\" data-element_type=\"widget\" data-settings=\"{&quot;_animation&quot;:&quot;fadeInUp&quot;}\" data-widget_type=\"jws_cf7.default\">\n\t\t\t\t<div class=\"elementor-widget-container\">\n\t\t\t\t\t\t\t\t\t<div class = \"jws-cf7-container\">\r\n\t\t\t\t\t\t<div class = \"jws-cf7 jws-cf7-style elementor-clickable\">\r\n\t\t\t\t\t\t\n<div class=\"wpcf7 no-js\" id=\"wpcf7-f14856-o1\" lang=\"fr-FR\" dir=\"ltr\" data-wpcf7-id=\"14856\">\n<div class=\"screen-reader-response\"><p role=\"status\" aria-live=\"polite\" aria-atomic=\"true\"><\/p> <ul><\/ul><\/div>\n<form action=\"\/fr\/wp-json\/wp\/v2\/pages\/13948#wpcf7-f14856-o1\" method=\"post\" class=\"wpcf7-form init\" aria-label=\"Formulaire de contact\" novalidate=\"novalidate\" data-status=\"init\">\n<div style=\"display: none;\">\n<input type=\"hidden\" name=\"_wpcf7\" value=\"14856\" \/>\n<input type=\"hidden\" name=\"_wpcf7_version\" value=\"6.0.5\" \/>\n<input type=\"hidden\" name=\"_wpcf7_locale\" value=\"fr_FR\" \/>\n<input type=\"hidden\" name=\"_wpcf7_unit_tag\" value=\"wpcf7-f14856-o1\" \/>\n<input type=\"hidden\" name=\"_wpcf7_container_post\" value=\"0\" \/>\n<input type=\"hidden\" name=\"_wpcf7_posted_data_hash\" value=\"\" \/>\n<input type=\"hidden\" name=\"_wpcf7_recaptcha_response\" value=\"\" \/>\n<\/div>\n<p><span class=\"wpcf7-form-control-wrap\" data-name=\"your-name\"><input size=\"40\" maxlength=\"400\" class=\"wpcf7-form-control wpcf7-text wpcf7-validates-as-required\" aria-required=\"true\" aria-invalid=\"false\" placeholder=\"Nom\" value=\"\" type=\"text\" name=\"your-name\" \/><\/span><br \/>\n<span class=\"wpcf7-form-control-wrap\" data-name=\"email\"><input size=\"40\" maxlength=\"400\" class=\"wpcf7-form-control wpcf7-email wpcf7-validates-as-required wpcf7-text wpcf7-validates-as-email\" aria-required=\"true\" aria-invalid=\"false\" placeholder=\"Email\" value=\"\" type=\"email\" name=\"email\" \/><\/span><br \/>\n<span class=\"wpcf7-form-control-wrap\" data-name=\"textarea\"><textarea cols=\"40\" rows=\"10\" maxlength=\"2000\" class=\"wpcf7-form-control wpcf7-textarea\" aria-invalid=\"false\" name=\"textarea\">Message<\/textarea><\/span>\n<\/p>\n<p><span class=\"wpcf7-form-control-wrap\" data-name=\"acceptance-148\"><span class=\"wpcf7-form-control wpcf7-acceptance optional\"><span class=\"wpcf7-list-item\"><label><input type=\"checkbox\" name=\"acceptance-148\" value=\"1\" aria-invalid=\"false\" \/><span class=\"wpcf7-list-item-label\">J'accepte les termes et conditions<\/span><\/label><\/span><\/span><\/span><br \/>\n<input class=\"wpcf7-form-control wpcf7-submit has-spinner\" type=\"submit\" value=\"Enviar\" \/>\n<\/p><div class=\"wpcf7-response-output\" aria-hidden=\"true\"><\/div>\n<\/form>\n<\/div>\n\t\t\t\t\t<\/div>\r\n\t\t\t\t<\/div>\r\n\t\t\t\t\t\t\t\t<\/div>\n\t\t\t\t<\/div>\n\t\t\t\t<div class=\"elementor-element elementor-element-8b66e5f elementor-invisible elementor-widget elementor-widget-image\" data-id=\"8b66e5f\" data-element_type=\"widget\" data-settings=\"{&quot;_animation&quot;:&quot;fadeInUp&quot;}\" data-widget_type=\"image.default\">\n\t\t\t\t<div class=\"elementor-widget-container\">\n\t\t\t\t\t\t\t\t\t\t\t\t\t\t\t<img fetchpriority=\"high\" decoding=\"async\" width=\"260\" height=\"343\" src=\"https:\/\/www.lunashotels.com\/wp-content\/uploads\/2025\/04\/restaurant.png\" class=\"attachment-full size-full wp-image-11959\" alt=\"\" srcset=\"https:\/\/www.lunashotels.com\/wp-content\/uploads\/2025\/04\/restaurant.png 260w, https:\/\/www.lunashotels.com\/wp-content\/uploads\/2025\/04\/restaurant-227x300.png 227w\" sizes=\"(max-width: 260px) 100vw, 260px\" \/>\t\t\t\t\t\t\t\t\t\t\t\t\t\t\t<\/div>\n\t\t\t\t<\/div>\n\t\t\t\t<div class=\"elementor-element elementor-element-c3ab2d6 elementor-widget__width-auto elementor-absolute elementor-hidden-tablet elementor-hidden-mobile elementor-invisible elementor-widget elementor-widget-image\" data-id=\"c3ab2d6\" data-element_type=\"widget\" data-settings=\"{&quot;_position&quot;:&quot;absolute&quot;,&quot;_animation&quot;:&quot;fadeInUp&quot;}\" data-widget_type=\"image.default\">\n\t\t\t\t<div class=\"elementor-widget-container\">\n\t\t\t\t\t\t\t\t\t\t\t\t\t\t\t<img decoding=\"async\" width=\"260\" height=\"343\" src=\"https:\/\/www.lunashotels.com\/wp-content\/uploads\/2025\/04\/massage.png\" class=\"attachment-full size-full wp-image-11958\" alt=\"\" srcset=\"https:\/\/www.lunashotels.com\/wp-content\/uploads\/2025\/04\/massage.png 260w, https:\/\/www.lunashotels.com\/wp-content\/uploads\/2025\/04\/massage-227x300.png 227w\" sizes=\"(max-width: 260px) 100vw, 260px\" \/>\t\t\t\t\t\t\t\t\t\t\t\t\t\t\t<\/div>\n\t\t\t\t<\/div>\n\t\t\t\t<div class=\"elementor-element elementor-element-afef8c7 elementor-widget__width-auto elementor-absolute elementor-hidden-tablet elementor-hidden-mobile elementor-invisible elementor-widget elementor-widget-image\" data-id=\"afef8c7\" data-element_type=\"widget\" data-settings=\"{&quot;_position&quot;:&quot;absolute&quot;,&quot;_animation&quot;:&quot;fadeInUp&quot;}\" data-widget_type=\"image.default\">\n\t\t\t\t<div class=\"elementor-widget-container\">\n\t\t\t\t\t\t\t\t\t\t\t\t\t\t\t<img decoding=\"async\" width=\"260\" height=\"343\" src=\"https:\/\/www.lunashotels.com\/wp-content\/uploads\/2025\/04\/cooking.png\" class=\"attachment-full size-full wp-image-11960\" alt=\"\" srcset=\"https:\/\/www.lunashotels.com\/wp-content\/uploads\/2025\/04\/cooking.png 260w, https:\/\/www.lunashotels.com\/wp-content\/uploads\/2025\/04\/cooking-227x300.png 227w\" sizes=\"(max-width: 260px) 100vw, 260px\" \/>\t\t\t\t\t\t\t\t\t\t\t\t\t\t\t<\/div>\n\t\t\t\t<\/div>\n\t\t\t\t<div class=\"elementor-element elementor-element-9d020fc elementor-widget__width-auto elementor-absolute elementor-hidden-tablet elementor-hidden-mobile elementor-invisible elementor-widget elementor-widget-image\" data-id=\"9d020fc\" data-element_type=\"widget\" data-settings=\"{&quot;_position&quot;:&quot;absolute&quot;,&quot;_animation&quot;:&quot;fadeInUp&quot;}\" data-widget_type=\"image.default\">\n\t\t\t\t<div class=\"elementor-widget-container\">\n\t\t\t\t\t\t\t\t\t\t\t\t\t\t\t<img loading=\"lazy\" decoding=\"async\" width=\"158\" height=\"208\" src=\"https:\/\/www.lunashotels.com\/wp-content\/uploads\/2025\/04\/hall.png\" class=\"attachment-full size-full wp-image-11964\" alt=\"\" \/>\t\t\t\t\t\t\t\t\t\t\t\t\t\t\t<\/div>\n\t\t\t\t<\/div>\n\t\t\t\t\t<\/div>\n\t\t<\/div>\n\t\t\t\t      \r\n            \r\n              \r\n            \r\n            \t\r\n\t\t\t<\/div>\r\n\t\t<\/section>\r\n\t\t\t\t<\/div>\n\t\t","protected":false},"excerpt":{"rendered":"<p>LUNAS RESORT Contactez-nous +34 937 654 250 &#8211; Hotel +34 937 690 300 &#8211; Booking info@bondiahotels.com Avda. Col\u00f3n, 12 &#8211; 08380 Malgrat de Mar, Barcelona Espa\u00f1a D&rsquo;autres questions ? Contactez-nous pour plus de d\u00e9tails Aucune commande n\u2019est trop grande et aucun d\u00e9tail n\u2019est trop petit. Nous sommes \u00e9galement l\u00e0 pour vous aider avant le d\u00e9but [&hellip;]<\/p>\n","protected":false},"author":1,"featured_media":0,"parent":0,"menu_order":0,"comment_status":"closed","ping_status":"closed","template":"","meta":{"_acf_changed":false,"footnotes":""},"class_list":["post-13948","page","type-page","status-publish","hentry"],"acf":[],"_links":{"self":[{"href":"https:\/\/www.lunashotels.com\/fr\/wp-json\/wp\/v2\/pages\/13948","targetHints":{"allow":["GET"]}}],"collection":[{"href":"https:\/\/www.lunashotels.com\/fr\/wp-json\/wp\/v2\/pages"}],"about":[{"href":"https:\/\/www.lunashotels.com\/fr\/wp-json\/wp\/v2\/types\/page"}],"author":[{"embeddable":true,"href":"https:\/\/www.lunashotels.com\/fr\/wp-json\/wp\/v2\/users\/1"}],"replies":[{"embeddable":true,"href":"https:\/\/www.lunashotels.com\/fr\/wp-json\/wp\/v2\/comments?post=13948"}],"version-history":[{"count":3,"href":"https:\/\/www.lunashotels.com\/fr\/wp-json\/wp\/v2\/pages\/13948\/revisions"}],"predecessor-version":[{"id":14427,"href":"https:\/\/www.lunashotels.com\/fr\/wp-json\/wp\/v2\/pages\/13948\/revisions\/14427"}],"wp:attachment":[{"href":"https:\/\/www.lunashotels.com\/fr\/wp-json\/wp\/v2\/media?parent=13948"}],"curies":[{"name":"wp","href":"https:\/\/api.w.org\/{rel}","templated":true}]}}