{"id":13800,"date":"2023-08-01T04:14:23","date_gmt":"2023-08-01T04:14:23","guid":{"rendered":"https:\/\/www.lunashotels.com\/blog\/"},"modified":"2025-05-13T08:31:21","modified_gmt":"2025-05-13T08:31:21","slug":"blog","status":"publish","type":"page","link":"https:\/\/www.lunashotels.com\/en\/blog\/","title":{"rendered":"Blog"},"content":{"rendered":"\t\t<div data-elementor-type=\"wp-page\" data-elementor-id=\"13800\" class=\"elementor elementor-13800 elementor-7284\">\n\t\t\t\t\t\t<section class=\"elementor-section elementor-top-section elementor-element elementor-element-82c28f1 elementor-section-boxed elementor-section-height-default elementor-section-height-default\" data-id=\"82c28f1\" data-element_type=\"section\" data-settings=\"{&quot;background_background&quot;:&quot;classic&quot;}\">\r\n\t\t\t\t\t\t<div class=\"elementor-container elementor-column-gap-default jws_section_\" >\r\n\t\t\t\t<div class=\"elementor-column elementor-col-100 elementor-top-column elementor-element elementor-element-d6b93dc\" data-id=\"d6b93dc\" data-element_type=\"column\">\n\t\t\t<div class=\"elementor-widget-wrap elementor-element-populated\">\n\t\t\t\t\t\t<div class=\"elementor-element elementor-element-c562d12 elementor-invisible elementor-widget elementor-widget-heading\" data-id=\"c562d12\" data-element_type=\"widget\" data-settings=\"{&quot;_animation&quot;:&quot;fadeInUp&quot;}\" data-widget_type=\"heading.default\">\n\t\t\t\t<div class=\"elementor-widget-container\">\n\t\t\t\t\t<h2 class=\"elementor-heading-title elementor-size-default\">Blog<\/h2>\t\t\t\t<\/div>\n\t\t\t\t<\/div>\n\t\t\t\t\t<\/div>\n\t\t<\/div>\n\t\t\t\t      \r\n            \r\n              \r\n            \r\n            \t\r\n\t\t\t<\/div>\r\n\t\t<\/section>\r\n\t\t\t\t<section class=\"elementor-section elementor-top-section elementor-element elementor-element-b714aea elementor-section-boxed elementor-section-height-default elementor-section-height-default\" data-id=\"b714aea\" data-element_type=\"section\">\r\n\t\t\t\t\t\t<div class=\"elementor-container elementor-column-gap-default jws_section_\" >\r\n\t\t\t\t<div class=\"elementor-column elementor-col-100 elementor-top-column elementor-element elementor-element-7cf185a\" data-id=\"7cf185a\" data-element_type=\"column\">\n\t\t\t<div class=\"elementor-widget-wrap elementor-element-populated\">\n\t\t\t\t\t\t<div class=\"elementor-element elementor-element-290e1e7 elementor-widget elementor-widget-jws_blog\" data-id=\"290e1e7\" data-element_type=\"widget\" data-widget_type=\"jws_blog.default\">\n\t\t\t\t<div class=\"elementor-widget-container\">\n\t\t\t\t\t \r\n\t\t\r\n\t\t<div class=\"jws-blog-element jws-carousel\">\r\n            <div class=\"row blog_content jws_blog_layout2 blog_ajax_290e1e7 jws-isotope\" >\r\n                <div class=\"jws-post-item col-xl-6 col-lg-6 col-6\"><div class=\"post-inner\">\r\n    <div class=\"post-media\">\r\n      <a href=\"https:\/\/www.lunashotels.com\/en\/lunas-resort-slow-travel-yoga-y-bienestar-para-la-temporada-2026\/\"> \r\n          <img class='attachment-491x638 size-491x638' alt='' src=https:\/\/www.lunashotels.com\/wp-content\/uploads\/2026\/02\/7-491x638.png >     <\/a>    \r\n    <\/div>\r\n    <div class=\"post-content\">\r\n            <div class=\"post-meta fs-small\">\r\n                <span class=\"post-date\"><a href=\"https:\/\/www.lunashotels.com\/en\/2026\/02\/16\/\">February 16, 2026<\/a><\/span>\r\n                <span class=\"post-cat uppercase\"><a href=\"https:\/\/www.lunashotels.com\/category\/blog\/\" rel=\"tag\">Blog<\/a>, <a href=\"https:\/\/www.lunashotels.com\/en\/category\/blog-en\/\" rel=\"tag\">Blog<\/a><\/span> \r\n           <\/div> \r\n           <h6 class=\"post-title\"><a href=\"https:\/\/www.lunashotels.com\/en\/lunas-resort-slow-travel-yoga-y-bienestar-para-la-temporada-2026\/\">Lunas Resort: Slow Travel, Yoga &amp; Wellness for the 2026 Season<\/a><\/h6> \r\n                      <div class=\"post-description\">\r\n                    At Lunas Resort, we believe that traveling is much more than visiting places: it\u2019s about disconnecting from the fast pace of daily life, reconnecting ...            <\/div>\r\n                                     <a href=\"https:\/\/www.lunashotels.com\/en\/lunas-resort-slow-travel-yoga-y-bienestar-para-la-temporada-2026\/\" class=\"post-detail\">\r\n                    Leer m\u00e1s                    <i class=\"jws-icon-arrow-right\"><\/i>\r\n               <\/a>\r\n             \r\n    <\/div>\r\n<\/div>   <\/div><div class=\"jws-post-item col-xl-6 col-lg-6 col-6\"><div class=\"post-inner\">\r\n    <div class=\"post-media\">\r\n      <a href=\"https:\/\/www.lunashotels.com\/en\/discover-the-benefits-of-yoga-and-meditation-wellbeing-by-the-sea\/\"> \r\n          <img class='attachment-491x638 size-491x638' alt='' src=https:\/\/www.lunashotels.com\/wp-content\/uploads\/2025\/05\/cerrar-nino-meditando-sobre-estera-491x638.jpg >     <\/a>    \r\n    <\/div>\r\n    <div class=\"post-content\">\r\n            <div class=\"post-meta fs-small\">\r\n                <span class=\"post-date\"><a href=\"https:\/\/www.lunashotels.com\/en\/2025\/06\/11\/\">June 11, 2025<\/a><\/span>\r\n                <span class=\"post-cat uppercase\"><a href=\"https:\/\/www.lunashotels.com\/en\/category\/blog-en\/\" rel=\"tag\">Blog<\/a><\/span> \r\n           <\/div> \r\n           <h6 class=\"post-title\"><a href=\"https:\/\/www.lunashotels.com\/en\/discover-the-benefits-of-yoga-and-meditation-wellbeing-by-the-sea\/\">Discover the Benefits of Yoga and Meditation: Wellbeing by the Sea<\/a><\/h6> \r\n                      <div class=\"post-description\">\r\n                    At Hotel Lunas Resort in Malgrat de Mar, we have a clear philosophy: wellbeing is essential for a fulfilling life. And few paths lead ...            <\/div>\r\n                                     <a href=\"https:\/\/www.lunashotels.com\/en\/discover-the-benefits-of-yoga-and-meditation-wellbeing-by-the-sea\/\" class=\"post-detail\">\r\n                    Leer m\u00e1s                    <i class=\"jws-icon-arrow-right\"><\/i>\r\n               <\/a>\r\n             \r\n    <\/div>\r\n<\/div>   <\/div>            <\/div>\r\n                                <\/div>\r\n\r\n\t\t\t\t\t<\/div>\n\t\t\t\t<\/div>\n\t\t\t\t\t<\/div>\n\t\t<\/div>\n\t\t\t\t      \r\n            \r\n              \r\n            \r\n            \t\r\n\t\t\t<\/div>\r\n\t\t<\/section>\r\n\t\t\t\t<\/div>\n\t\t","protected":false},"excerpt":{"rendered":"<p>Blog mayo 5, 2025 Blog Descubre los Beneficios del Yoga y la Meditaci\u00f3n: Bienestar junto al Mar En Hotel Lunas Resort, en Malgrat de Mar, tenemos una filosof\u00eda clara: el bienestar es esencial para una vida plena. Y pocos caminos conducen &#8230; Leer m\u00e1s<\/p>\n","protected":false},"author":1,"featured_media":0,"parent":0,"menu_order":0,"comment_status":"closed","ping_status":"closed","template":"","meta":{"_acf_changed":false,"footnotes":""},"class_list":["post-13800","page","type-page","status-publish","hentry"],"acf":[],"_links":{"self":[{"href":"https:\/\/www.lunashotels.com\/en\/wp-json\/wp\/v2\/pages\/13800","targetHints":{"allow":["GET"]}}],"collection":[{"href":"https:\/\/www.lunashotels.com\/en\/wp-json\/wp\/v2\/pages"}],"about":[{"href":"https:\/\/www.lunashotels.com\/en\/wp-json\/wp\/v2\/types\/page"}],"author":[{"embeddable":true,"href":"https:\/\/www.lunashotels.com\/en\/wp-json\/wp\/v2\/users\/1"}],"replies":[{"embeddable":true,"href":"https:\/\/www.lunashotels.com\/en\/wp-json\/wp\/v2\/comments?post=13800"}],"version-history":[{"count":2,"href":"https:\/\/www.lunashotels.com\/en\/wp-json\/wp\/v2\/pages\/13800\/revisions"}],"predecessor-version":[{"id":13881,"href":"https:\/\/www.lunashotels.com\/en\/wp-json\/wp\/v2\/pages\/13800\/revisions\/13881"}],"wp:attachment":[{"href":"https:\/\/www.lunashotels.com\/en\/wp-json\/wp\/v2\/media?parent=13800"}],"curies":[{"name":"wp","href":"https:\/\/api.w.org\/{rel}","templated":true}]}}