{"id":15233,"date":"2025-05-28T11:29:45","date_gmt":"2025-05-28T11:29:45","guid":{"rendered":"https:\/\/www.lunashotels.com\/avis-legal\/"},"modified":"2025-05-28T11:34:58","modified_gmt":"2025-05-28T11:34:58","slug":"avis-legal","status":"publish","type":"page","link":"https:\/\/www.lunashotels.com\/ca\/avis-legal\/","title":{"rendered":"Av\u00eds legal"},"content":{"rendered":"\t\t<div data-elementor-type=\"wp-page\" data-elementor-id=\"15233\" class=\"elementor elementor-15233 elementor-15224\">\n\t\t\t\t\t\t<section class=\"elementor-section elementor-top-section elementor-element elementor-element-7da2050 elementor-section-content-middle elementor-section-boxed elementor-section-height-default elementor-section-height-default\" data-id=\"7da2050\" data-element_type=\"section\">\r\n\t\t\t\t\t\t<div class=\"elementor-container elementor-column-gap-default jws_section_\" >\r\n\t\t\t\t<div class=\"elementor-column elementor-col-100 elementor-top-column elementor-element elementor-element-1b7c305\" data-id=\"1b7c305\" data-element_type=\"column\">\n\t\t\t<div class=\"elementor-widget-wrap elementor-element-populated\">\n\t\t\t\t\t\t<div class=\"elementor-element elementor-element-3fbf488 elementor-invisible elementor-widget elementor-widget-heading\" data-id=\"3fbf488\" data-element_type=\"widget\" data-settings=\"{&quot;_animation&quot;:&quot;fadeInUp&quot;}\" data-widget_type=\"heading.default\">\n\t\t\t\t<div class=\"elementor-widget-container\">\n\t\t\t\t\t<h2 class=\"elementor-heading-title elementor-size-default\">Av\u00eds legal<\/h2>\t\t\t\t<\/div>\n\t\t\t\t<\/div>\n\t\t\t\t<div class=\"elementor-element elementor-element-a7bac7f elementor-invisible elementor-widget elementor-widget-text-editor\" data-id=\"a7bac7f\" data-element_type=\"widget\" data-settings=\"{&quot;_animation&quot;:&quot;fadeInUp&quot;}\" data-widget_type=\"text-editor.default\">\n\t\t\t\t<div class=\"elementor-widget-container\">\n\t\t\t\t\t\t\t\t\t<p><b>Grupo Hoteles Bondiahotels informa de la seva Pol\u00edtica de Privacitat i\/o Av\u00eds Legal, que entendr\u00e1 com acceptat en connectar-se i navegar per la nostra p\u00e1gina web.<\/b><br><br>Garantim que qualsevol transmissi\u00f3 de les seves dates personal \u00e9s efectuada amb plataformes i tecnologies que compleixen amb els est\u00e0ndards de seguretat.<br><br>En el Compliment de la Llei Org\u00e0nica 15\/1999 sobre la Protecci\u00f3 de les Dades de Car\u00e0cter Personal (LOPD), Grupo Hoteles Bondiahotels els garanteix la confidencialitat en el tractament de les seves dades personals. En qualsevol moment, poden modificar o anul\u00b7lar les dades, mitjan\u00e7ant una petici\u00f3 escrita dirigida a Grupo Hoteles Bondiahotels (Departament de Sistemes): C\/ \u00c0nimes 22 &#8211; 08370 Calella (Barcelona). <br><br>Grupo Hoteles Bondiahotels, societat de nacionalitat espanyola amb domicili social al carrer C\/ \u00c0nimes 22 &#8211; 08370 Calella (Barcelona) &#8211; SPAIN; \u00e9s titular de la web: &#8220;www.bondiahotels.com&#8221; i, per tant, es reserva tots els drets de propietat intel\u00b7lectual i de qualsevol mena d&#8217;element que la integri. Tants sols es podr\u00e0 exceptuar amb consentiment previ, expr\u00e9s i escrit al Webmaster de Grupo Hoteles Bondiahotels. <br><br>Tanmateix, s&#8217;exonera a Grupo Hoteles Bondiahotels de responsabilitat davant qualsevol dany o perjudici que pogu\u00e9s sofr\u00ed l&#8217;usuari a conseq\u00fc\u00e8ncia d&#8217;errors, defectes o omissions, en la informaci\u00f3 facilitada per Grupo Hoteles Bondiahotels sempre que procedeixi de fonts externes, links o enlla\u00e7os que remetin a la nostra web.<\/p>\t\t\t\t\t\t\t\t<\/div>\n\t\t\t\t<\/div>\n\t\t\t\t\t<\/div>\n\t\t<\/div>\n\t\t\t\t      \r\n            \r\n              \r\n            \r\n            \t\r\n\t\t\t<\/div>\r\n\t\t<\/section>\r\n\t\t\t\t<\/div>\n\t\t","protected":false},"excerpt":{"rendered":"<p>Av\u00eds legal Grupo Hoteles Bondiahotels informa de la seva Pol\u00edtica de Privacitat i\/o Av\u00eds Legal, que entendr\u00e1 com acceptat en connectar-se i navegar per la nostra p\u00e1gina web. Garantim que qualsevol transmissi\u00f3 de les seves dates personal \u00e9s efectuada amb plataformes i tecnologies que compleixen amb els est\u00e0ndards de seguretat. En el Compliment de la [&hellip;]<\/p>\n","protected":false},"author":1,"featured_media":0,"parent":0,"menu_order":0,"comment_status":"closed","ping_status":"closed","template":"","meta":{"_acf_changed":false,"footnotes":""},"class_list":["post-15233","page","type-page","status-publish","hentry"],"acf":[],"_links":{"self":[{"href":"https:\/\/www.lunashotels.com\/ca\/wp-json\/wp\/v2\/pages\/15233","targetHints":{"allow":["GET"]}}],"collection":[{"href":"https:\/\/www.lunashotels.com\/ca\/wp-json\/wp\/v2\/pages"}],"about":[{"href":"https:\/\/www.lunashotels.com\/ca\/wp-json\/wp\/v2\/types\/page"}],"author":[{"embeddable":true,"href":"https:\/\/www.lunashotels.com\/ca\/wp-json\/wp\/v2\/users\/1"}],"replies":[{"embeddable":true,"href":"https:\/\/www.lunashotels.com\/ca\/wp-json\/wp\/v2\/comments?post=15233"}],"version-history":[{"count":1,"href":"https:\/\/www.lunashotels.com\/ca\/wp-json\/wp\/v2\/pages\/15233\/revisions"}],"predecessor-version":[{"id":15234,"href":"https:\/\/www.lunashotels.com\/ca\/wp-json\/wp\/v2\/pages\/15233\/revisions\/15234"}],"wp:attachment":[{"href":"https:\/\/www.lunashotels.com\/ca\/wp-json\/wp\/v2\/media?parent=15233"}],"curies":[{"name":"wp","href":"https:\/\/api.w.org\/{rel}","templated":true}]}}