{"id":13933,"date":"2025-03-20T02:49:59","date_gmt":"2025-03-20T02:49:59","guid":{"rendered":"https:\/\/www.lunashotels.com\/sobre-nosaltres\/"},"modified":"2025-05-19T12:08:29","modified_gmt":"2025-05-19T12:08:29","slug":"sobre-nosaltres","status":"publish","type":"page","link":"https:\/\/www.lunashotels.com\/ca\/sobre-nosaltres\/","title":{"rendered":"Sobre nosaltres"},"content":{"rendered":"\t\t<div data-elementor-type=\"wp-page\" data-elementor-id=\"13933\" class=\"elementor elementor-13933 elementor-5692\">\n\t\t\t\t\t\t<section class=\"elementor-section elementor-top-section elementor-element elementor-element-77a430d elementor-section-boxed elementor-section-height-default elementor-section-height-default\" data-id=\"77a430d\" data-element_type=\"section\" data-settings=\"{&quot;background_background&quot;:&quot;classic&quot;}\">\r\n\t\t\t\t\t\t\t<div class=\"elementor-background-overlay\"><\/div>\r\n\t\t\t\t\t\t<div class=\"elementor-container elementor-column-gap-default jws_section_\" >\r\n\t\t\t\t<div class=\"elementor-column elementor-col-100 elementor-top-column elementor-element elementor-element-895ccdc\" data-id=\"895ccdc\" data-element_type=\"column\">\n\t\t\t<div class=\"elementor-widget-wrap elementor-element-populated\">\n\t\t\t\t\t\t<div class=\"elementor-element elementor-element-593ee34 elementor-widget elementor-widget-heading\" data-id=\"593ee34\" data-element_type=\"widget\" data-widget_type=\"heading.default\">\n\t\t\t\t<div class=\"elementor-widget-container\">\n\t\t\t\t\t<h1 class=\"elementor-heading-title elementor-size-default\">Sobre nosaltres<\/h1>\t\t\t\t<\/div>\n\t\t\t\t<\/div>\n\t\t\t\t\t<\/div>\n\t\t<\/div>\n\t\t\t\t      \r\n            \r\n              \r\n            \r\n            \t\r\n\t\t\t<\/div>\r\n\t\t<\/section>\r\n\t\t\t\t<section class=\"elementor-section elementor-top-section elementor-element elementor-element-3debf70 elementor-section-boxed elementor-section-height-default elementor-section-height-default\" data-id=\"3debf70\" data-element_type=\"section\">\r\n\t\t\t\t\t\t<div class=\"elementor-container elementor-column-gap-default jws_section_\" >\r\n\t\t\t\t<div class=\"elementor-column elementor-col-100 elementor-top-column elementor-element elementor-element-0bca084\" data-id=\"0bca084\" data-element_type=\"column\">\n\t\t\t<div class=\"elementor-widget-wrap elementor-element-populated\">\n\t\t\t\t\t\t<div class=\"elementor-element elementor-element-32cdda1 elementor-widget elementor-widget-heading\" data-id=\"32cdda1\" data-element_type=\"widget\" data-widget_type=\"heading.default\">\n\t\t\t\t<div class=\"elementor-widget-container\">\n\t\t\t\t\t<h2 class=\"elementor-heading-title elementor-size-default\">On el temps s\u2019atura i<br>el viatge comen\u00e7a de veritat<\/h2>\t\t\t\t<\/div>\n\t\t\t\t<\/div>\n\t\t\t\t<div class=\"elementor-element elementor-element-44e9348 elementor-widget__width-initial elementor-widget elementor-widget-text-editor\" data-id=\"44e9348\" data-element_type=\"widget\" data-widget_type=\"text-editor.default\">\n\t\t\t\t<div class=\"elementor-widget-container\">\n\t\t\t\t\t\t\t\t\t<p><span style=\"font-weight: 400;\">Al Lunas Resort creiem que viatjar no consisteix nom\u00e9s a moure\u2019s, sin\u00f3 a quedar-t\u2019hi. A mirar amb calma, a assaborir sense presses, a escoltar el que cada lloc et vol explicar. Per aix\u00f2, m\u00e9s que un resort, som un espai on l\u2019slow travel es viu a flor de pell. Una manera diferent d\u2019estar, de sentir, de reconnectar amb tu mateix i amb l\u2019entorn.   <\/span><\/p>\t\t\t\t\t\t\t\t<\/div>\n\t\t\t\t<\/div>\n\t\t\t\t\t<\/div>\n\t\t<\/div>\n\t\t\t\t      \r\n            \r\n              \r\n            \r\n            \t\r\n\t\t\t<\/div>\r\n\t\t<\/section>\r\n\t\t\t\t<section class=\"elementor-section elementor-top-section elementor-element elementor-element-3681e8a elementor-section-content-bottom elementor-section-boxed elementor-section-height-default elementor-section-height-default\" data-id=\"3681e8a\" data-element_type=\"section\">\r\n\t\t\t\t\t\t<div class=\"elementor-container elementor-column-gap-default jws_section_\" >\r\n\t\t\t\t<div class=\"elementor-column elementor-col-50 elementor-top-column elementor-element elementor-element-9cb3f5b\" data-id=\"9cb3f5b\" data-element_type=\"column\">\n\t\t\t<div class=\"elementor-widget-wrap elementor-element-populated\">\n\t\t\t\t\t\t<section class=\"elementor-section elementor-inner-section elementor-element elementor-element-99f5bfa elementor-section-boxed elementor-section-height-default elementor-section-height-default\" data-id=\"99f5bfa\" data-element_type=\"section\" data-settings=\"{&quot;background_background&quot;:&quot;classic&quot;}\">\r\n\t\t\t\t\t\t<div class=\"elementor-container elementor-column-gap-default jws_section_\" >\r\n\t\t\t\t<div class=\"elementor-column elementor-col-100 elementor-inner-column elementor-element elementor-element-10d6768\" data-id=\"10d6768\" data-element_type=\"column\">\n\t\t\t<div class=\"elementor-widget-wrap elementor-element-populated\">\n\t\t\t\t\t\t<div class=\"elementor-element elementor-element-4fa737c elementor-invisible elementor-widget elementor-widget-image\" data-id=\"4fa737c\" data-element_type=\"widget\" data-settings=\"{&quot;_animation&quot;:&quot;zoomIn&quot;}\" data-widget_type=\"image.default\">\n\t\t\t\t<div class=\"elementor-widget-container\">\n\t\t\t\t\t\t\t\t\t\t\t\t\t\t\t<img fetchpriority=\"high\" decoding=\"async\" width=\"943\" height=\"700\" src=\"https:\/\/www.lunashotels.com\/wp-content\/uploads\/2025\/04\/malgrat-01-1.png\" class=\"attachment-full size-full wp-image-12115\" alt=\"\" srcset=\"https:\/\/www.lunashotels.com\/wp-content\/uploads\/2025\/04\/malgrat-01-1.png 943w, https:\/\/www.lunashotels.com\/wp-content\/uploads\/2025\/04\/malgrat-01-1-300x223.png 300w, https:\/\/www.lunashotels.com\/wp-content\/uploads\/2025\/04\/malgrat-01-1-920x683.png 920w, https:\/\/www.lunashotels.com\/wp-content\/uploads\/2025\/04\/malgrat-01-1-768x570.png 768w, https:\/\/www.lunashotels.com\/wp-content\/uploads\/2025\/04\/malgrat-01-1-600x445.png 600w\" sizes=\"(max-width: 943px) 100vw, 943px\" \/>\t\t\t\t\t\t\t\t\t\t\t\t\t\t\t<\/div>\n\t\t\t\t<\/div>\n\t\t\t\t\t<\/div>\n\t\t<\/div>\n\t\t\t\t      \r\n            \r\n              \r\n            \r\n            \t\r\n\t\t\t<\/div>\r\n\t\t<\/section>\r\n\t\t\t\t\t<\/div>\n\t\t<\/div>\n\t\t\t\t<div class=\"elementor-column elementor-col-50 elementor-top-column elementor-element elementor-element-5a326d6\" data-id=\"5a326d6\" data-element_type=\"column\">\n\t\t\t<div class=\"elementor-widget-wrap elementor-element-populated\">\n\t\t\t\t\t\t<div class=\"elementor-element elementor-element-06320c0 elementor-widget__width-initial elementor-widget elementor-widget-heading\" data-id=\"06320c0\" data-element_type=\"widget\" data-widget_type=\"heading.default\">\n\t\t\t\t<div class=\"elementor-widget-container\">\n\t\t\t\t\t<h2 class=\"elementor-heading-title elementor-size-default\">On som<\/h2>\t\t\t\t<\/div>\n\t\t\t\t<\/div>\n\t\t\t\t<div class=\"elementor-element elementor-element-b2f2698 elementor-widget elementor-widget-text-editor\" data-id=\"b2f2698\" data-element_type=\"widget\" data-widget_type=\"text-editor.default\">\n\t\t\t\t<div class=\"elementor-widget-container\">\n\t\t\t\t\t\t\t\t\t<p><span style=\"font-weight: 400;\">Situats a Malgrat de Mar, entre la costa i l\u2019interior, el nostre complex est\u00e0 format pel Luna Club Hotel &amp; Spa 4* i el Luna Park Hotel &amp; Spa 3*. Est\u00e0 dissenyat especialment per a aquells que busquen alguna cosa m\u00e9s que sol i platja. Aqu\u00ed et convidem a descansar sense culpa, a escollir el ritme dels teus dies i a deixar que les petites coses tornin a emocionar-te: un passeig entre pins, una classe de ioga a trenc d\u2019alba, una conversa sense rellotge\u2026 <\/span><\/p>\t\t\t\t\t\t\t\t<\/div>\n\t\t\t\t<\/div>\n\t\t\t\t\t<\/div>\n\t\t<\/div>\n\t\t\t\t      \r\n            \r\n              \r\n            \r\n            \t\r\n\t\t\t<\/div>\r\n\t\t<\/section>\r\n\t\t\t\t<section class=\"elementor-section elementor-top-section elementor-element elementor-element-7ef8af3 elementor-section-boxed elementor-section-height-default elementor-section-height-default\" data-id=\"7ef8af3\" data-element_type=\"section\" data-settings=\"{&quot;background_background&quot;:&quot;classic&quot;}\">\r\n\t\t\t\t\t\t<div class=\"elementor-container elementor-column-gap-default jws_section_\" >\r\n\t\t\t\t<div class=\"elementor-column elementor-col-100 elementor-top-column elementor-element elementor-element-23c63e1\" data-id=\"23c63e1\" data-element_type=\"column\">\n\t\t\t<div class=\"elementor-widget-wrap elementor-element-populated\">\n\t\t\t\t\t\t<div class=\"elementor-element elementor-element-7f539b9 elementor-widget elementor-widget-heading\" data-id=\"7f539b9\" data-element_type=\"widget\" data-widget_type=\"heading.default\">\n\t\t\t\t<div class=\"elementor-widget-container\">\n\t\t\t\t\t<h2 class=\"elementor-heading-title elementor-size-default\">Qui som<\/h2>\t\t\t\t<\/div>\n\t\t\t\t<\/div>\n\t\t\t\t<div class=\"elementor-element elementor-element-02eb7d7 elementor-widget__width-initial elementor-widget elementor-widget-text-editor\" data-id=\"02eb7d7\" data-element_type=\"widget\" data-widget_type=\"text-editor.default\">\n\t\t\t\t<div class=\"elementor-widget-container\">\n\t\t\t\t\t\t\t\t\t<p><span style=\"font-weight: 400;\">Formem part de Bondia Hotels, una empresa familiar amb \u00e0nima mediterr\u00e0nia i m\u00e9s de 60 anys de traject\u00f2ria en el m\u00f3n de l\u2019hospitalitat. El nostre comprom\u00eds amb la sostenibilitat, el benestar i l\u2019autenticitat es reflecteix en cada rac\u00f3 de Lunas Resort, on cuidem els detalls perqu\u00e8 la teva experi\u00e8ncia sigui tan genu\u00efna com confortable. <\/span><\/p><p>Ens mou una manera d\u2019entendre el viatge centrada en les persones, en el respecte per la cultura local i en el valor del que \u00e9s essencial. I per aix\u00f2, el nostre equip hum\u00e0 \u00e9s el cor de tot el que fem: professionals apassionats i propers que entenen que cada hoste \u00e9s \u00fanic i cada estada, irrepetible.  <\/p>\t\t\t\t\t\t\t\t<\/div>\n\t\t\t\t<\/div>\n\t\t\t\t<div class=\"elementor-element elementor-element-a08684b elementor-widget elementor-widget-spacer\" data-id=\"a08684b\" data-element_type=\"widget\" data-widget_type=\"spacer.default\">\n\t\t\t\t<div class=\"elementor-widget-container\">\n\t\t\t\t\t\t\t<div class=\"elementor-spacer\">\n\t\t\t<div class=\"elementor-spacer-inner\"><\/div>\n\t\t<\/div>\n\t\t\t\t\t\t<\/div>\n\t\t\t\t<\/div>\n\t\t\t\t<div class=\"elementor-element elementor-element-88853ed elementor-widget__width-initial elementor-widget elementor-widget-spacer\" data-id=\"88853ed\" data-element_type=\"widget\" data-widget_type=\"spacer.default\">\n\t\t\t\t<div class=\"elementor-widget-container\">\n\t\t\t\t\t\t\t<div class=\"elementor-spacer\">\n\t\t\t<div class=\"elementor-spacer-inner\"><\/div>\n\t\t<\/div>\n\t\t\t\t\t\t<\/div>\n\t\t\t\t<\/div>\n\t\t\t\t\t<\/div>\n\t\t<\/div>\n\t\t\t\t      \r\n            \r\n              \r\n            \r\n            \t\r\n\t\t\t<\/div>\r\n\t\t<\/section>\r\n\t\t\t\t<section class=\"elementor-section elementor-top-section elementor-element elementor-element-df71558 elementor-section-boxed elementor-section-height-default elementor-section-height-default\" data-id=\"df71558\" data-element_type=\"section\">\r\n\t\t\t\t\t\t<div class=\"elementor-container elementor-column-gap-default jws_section_\" >\r\n\t\t\t\t<div class=\"elementor-column elementor-col-100 elementor-top-column elementor-element elementor-element-b52c6bd\" data-id=\"b52c6bd\" data-element_type=\"column\">\n\t\t\t<div class=\"elementor-widget-wrap elementor-element-populated\">\n\t\t\t\t\t\t<div class=\"elementor-element elementor-element-06c04a5 elementor-widget__width-initial elementor-widget elementor-widget-heading\" data-id=\"06c04a5\" data-element_type=\"widget\" data-widget_type=\"heading.default\">\n\t\t\t\t<div class=\"elementor-widget-container\">\n\t\t\t\t\t<h2 class=\"elementor-heading-title elementor-size-default\">Lunas Resort, un dest\u00ed amb pausa<\/h2>\t\t\t\t<\/div>\n\t\t\t\t<\/div>\n\t\t\t\t<section class=\"elementor-section elementor-inner-section elementor-element elementor-element-42fe349 elementor-section-boxed elementor-section-height-default elementor-section-height-default\" data-id=\"42fe349\" data-element_type=\"section\">\r\n\t\t\t\t\t\t<div class=\"elementor-container elementor-column-gap-default jws_section_\" >\r\n\t\t\t\t<div class=\"elementor-column elementor-col-33 elementor-inner-column elementor-element elementor-element-b779ed6\" data-id=\"b779ed6\" data-element_type=\"column\">\n\t\t\t<div class=\"elementor-widget-wrap elementor-element-populated\">\n\t\t\t\t\t\t<div class=\"elementor-element elementor-element-a7bd168 elementor-invisible elementor-widget elementor-widget-image\" data-id=\"a7bd168\" data-element_type=\"widget\" data-settings=\"{&quot;_animation&quot;:&quot;fadeInUp&quot;}\" data-widget_type=\"image.default\">\n\t\t\t\t<div class=\"elementor-widget-container\">\n\t\t\t\t\t\t\t\t\t\t\t\t\t\t\t<img decoding=\"async\" src=\"https:\/\/www.lunashotels.com\/wp-content\/uploads\/elementor\/thumbs\/full-shot-woman-looking-boats-r6ddria69n21bknclxln1wz8t4j6r8l96zjvdzut7c.png\" title=\"full-shot-woman-looking-boats\" alt=\"full-shot-woman-looking-boats\" loading=\"lazy\" \/>\t\t\t\t\t\t\t\t\t\t\t\t\t\t\t<\/div>\n\t\t\t\t<\/div>\n\t\t\t\t\t<\/div>\n\t\t<\/div>\n\t\t\t\t<div class=\"elementor-column elementor-col-33 elementor-inner-column elementor-element elementor-element-766012b\" data-id=\"766012b\" data-element_type=\"column\">\n\t\t\t<div class=\"elementor-widget-wrap elementor-element-populated\">\n\t\t\t\t\t\t<div class=\"elementor-element elementor-element-1a2dfd9 elementor-invisible elementor-widget elementor-widget-image\" data-id=\"1a2dfd9\" data-element_type=\"widget\" data-settings=\"{&quot;_animation&quot;:&quot;fadeInUp&quot;,&quot;_animation_delay&quot;:100}\" data-widget_type=\"image.default\">\n\t\t\t\t<div class=\"elementor-widget-container\">\n\t\t\t\t\t\t\t\t\t\t\t\t\t\t\t<img decoding=\"async\" src=\"https:\/\/www.lunashotels.com\/wp-content\/uploads\/elementor\/thumbs\/high-angle-view-blue-lagoon-surrounded-by-trees-ibiza-r6ddria69n21bknclxln1wz8t4j6r8l96zjvdzut7c.png\" title=\"high-angle-view-blue-lagoon-surrounded-by-trees-ibiza\" alt=\"high-angle-view-blue-lagoon-surrounded-by-trees-ibiza\" loading=\"lazy\" \/>\t\t\t\t\t\t\t\t\t\t\t\t\t\t\t<\/div>\n\t\t\t\t<\/div>\n\t\t\t\t\t<\/div>\n\t\t<\/div>\n\t\t\t\t<div class=\"elementor-column elementor-col-33 elementor-inner-column elementor-element elementor-element-bf2ea78\" data-id=\"bf2ea78\" data-element_type=\"column\">\n\t\t\t<div class=\"elementor-widget-wrap elementor-element-populated\">\n\t\t\t\t\t\t<div class=\"elementor-element elementor-element-0e73bad elementor-invisible elementor-widget elementor-widget-image\" data-id=\"0e73bad\" data-element_type=\"widget\" data-settings=\"{&quot;_animation&quot;:&quot;fadeInUp&quot;,&quot;_animation_delay&quot;:200}\" data-widget_type=\"image.default\">\n\t\t\t\t<div class=\"elementor-widget-container\">\n\t\t\t\t\t\t\t\t\t\t\t\t\t\t\t<img decoding=\"async\" src=\"https:\/\/www.lunashotels.com\/wp-content\/uploads\/elementor\/thumbs\/inside-grotto-cliff-r6ddrhcc2t0qzyoprf70hf7s7qntjjhiuuwdwpw7dk.png\" title=\"inside-grotto-cliff\" alt=\"inside-grotto-cliff\" loading=\"lazy\" \/>\t\t\t\t\t\t\t\t\t\t\t\t\t\t\t<\/div>\n\t\t\t\t<\/div>\n\t\t\t\t\t<\/div>\n\t\t<\/div>\n\t\t\t\t      \r\n            \r\n              \r\n            \r\n            \t\r\n\t\t\t<\/div>\r\n\t\t<\/section>\r\n\t\t\t\t\t<\/div>\n\t\t<\/div>\n\t\t\t\t      \r\n            \r\n              \r\n            \r\n            \t\r\n\t\t\t<\/div>\r\n\t\t<\/section>\r\n\t\t\t\t<\/div>\n\t\t","protected":false},"excerpt":{"rendered":"<p>Sobre nosaltres On el temps s\u2019atura iel viatge comen\u00e7a de veritat Al Lunas Resort creiem que viatjar no consisteix nom\u00e9s a moure\u2019s, sin\u00f3 a quedar-t\u2019hi. A mirar amb calma, a assaborir sense presses, a escoltar el que cada lloc et vol explicar. Per aix\u00f2, m\u00e9s que un resort, som un espai on l\u2019slow travel es [&hellip;]<\/p>\n","protected":false},"author":1,"featured_media":0,"parent":0,"menu_order":0,"comment_status":"closed","ping_status":"closed","template":"","meta":{"_acf_changed":false,"footnotes":""},"class_list":["post-13933","page","type-page","status-publish","hentry"],"acf":[],"_links":{"self":[{"href":"https:\/\/www.lunashotels.com\/ca\/wp-json\/wp\/v2\/pages\/13933","targetHints":{"allow":["GET"]}}],"collection":[{"href":"https:\/\/www.lunashotels.com\/ca\/wp-json\/wp\/v2\/pages"}],"about":[{"href":"https:\/\/www.lunashotels.com\/ca\/wp-json\/wp\/v2\/types\/page"}],"author":[{"embeddable":true,"href":"https:\/\/www.lunashotels.com\/ca\/wp-json\/wp\/v2\/users\/1"}],"replies":[{"embeddable":true,"href":"https:\/\/www.lunashotels.com\/ca\/wp-json\/wp\/v2\/comments?post=13933"}],"version-history":[{"count":2,"href":"https:\/\/www.lunashotels.com\/ca\/wp-json\/wp\/v2\/pages\/13933\/revisions"}],"predecessor-version":[{"id":14172,"href":"https:\/\/www.lunashotels.com\/ca\/wp-json\/wp\/v2\/pages\/13933\/revisions\/14172"}],"wp:attachment":[{"href":"https:\/\/www.lunashotels.com\/ca\/wp-json\/wp\/v2\/media?parent=13933"}],"curies":[{"name":"wp","href":"https:\/\/api.w.org\/{rel}","templated":true}]}}